{"id":4327,"date":"2017-11-04T11:50:20","date_gmt":"2017-11-04T11:50:20","guid":{"rendered":"https:\/\/sweetdeal.ca\/?post_type=product&#038;p=4327"},"modified":"2025-08-21T16:36:34","modified_gmt":"2025-08-21T20:36:34","slug":"bugatti-hard-case-carry-on-luggage-black","status":"publish","type":"product","link":"https:\/\/sweetdeal.ca\/fr\/produit\/bugatti-hard-case-carry-on-luggage-black\/","title":{"rendered":"Bugatti-HARD CASE CARRY ON LUGGAGE, BLACK-Valise rigide de cabine HLG1601 (NOIR)"},"content":{"rendered":"<p><img data-recalc-dims=\"1\" loading=\"lazy\" decoding=\"async\" class=\"alignnone size-medium wp-image-4328\" src=\"https:\/\/i0.wp.com\/sweetdeal.ca\/wp-content\/uploads\/2017\/11\/1601-black-side.jpg?resize=180%2C180&#038;ssl=1\" alt=\"\" width=\"180\" height=\"180\" srcset=\"https:\/\/i0.wp.com\/sweetdeal.ca\/wp-content\/uploads\/2017\/11\/1601-black-side.jpg?resize=180%2C180&amp;ssl=1 180w, https:\/\/i0.wp.com\/sweetdeal.ca\/wp-content\/uploads\/2017\/11\/1601-black-side.jpg?resize=100%2C100&amp;ssl=1 100w, https:\/\/i0.wp.com\/sweetdeal.ca\/wp-content\/uploads\/2017\/11\/1601-black-side.jpg?resize=600%2C600&amp;ssl=1 600w, https:\/\/i0.wp.com\/sweetdeal.ca\/wp-content\/uploads\/2017\/11\/1601-black-side.jpg?resize=768%2C768&amp;ssl=1 768w, https:\/\/i0.wp.com\/sweetdeal.ca\/wp-content\/uploads\/2017\/11\/1601-black-side.jpg?w=1000&amp;ssl=1 1000w\" sizes=\"auto, (max-width: 180px) 100vw, 180px\" \/><\/p>\n","protected":false},"excerpt":{"rendered":"<p><strong>Valise rigide de cabine HLG1601 (NOIR)<\/strong><br \/>\nPolycarbonate l\u00e9ger et ABS. Coquille flexible qui absorbe l&#8217;impact et retouve sa forme originale. Poign\u00e9e t\u00e9lescopique \u00e0 plusieurs niveaux de verrouillage. Poign\u00e9es de transport sur le dessus et lat\u00e9rale renforc\u00e9es. Quatre roues multi-directionelles pour un roulement sans effort. Serrure TSA\u2122 int\u00e9gr\u00e9e \u00e0 combinaison de trois chiffres. Int\u00e9rieur doubl\u00e9e. Noir.<br \/>\n20\u201d (H) x 14\u201d (L) x 10\u201d (D)<br \/>\n&#8212;&#8212;&#8212;&#8212;&#8212;&#8212;&#8212;&#8212;&#8212;&#8212;&#8212;&#8212;&#8212;&#8212;&#8212;&#8212;&#8212;&#8212;&#8212;&#8212;&#8212;&#8212;&#8211;<\/p>\n<p><strong>HLG1601 Hard Carry-On Case (BLACK)<br \/>\n<\/strong>Lightweight polycarbonate and ABS. The shell flexes to absorb impact and flexes back to regain original shape. Telescopic handle system with multi-stage locking heights. Reinforced top and side carry handles. Four multi-directional spinner wheels for effortless rolling. Built-in 3 digit combination TSA\u2122 locks. Fully lined interior.\u00a0 Black.<br \/>\n20\u201d (H) x 14\u201d (L) x 10\u201d (W)<\/p>\n","protected":false},"featured_media":4330,"comment_status":"open","ping_status":"closed","template":"","meta":{"_acf_changed":false},"product_brand":[],"product_cat":[85],"product_tag":[],"class_list":{"0":"post-4327","1":"product","2":"type-product","3":"status-publish","4":"has-post-thumbnail","6":"product_cat-luggage-sets","7":"product_shipping_class-free-shipping","9":"first","10":"outofstock","11":"sale","12":"taxable","13":"shipping-taxable","14":"purchasable","15":"product-type-simple"},"acf":[],"jetpack-related-posts":[],"jetpack_sharing_enabled":true,"_links":{"self":[{"href":"https:\/\/sweetdeal.ca\/fr\/wp-json\/wp\/v2\/product\/4327","targetHints":{"allow":["GET"]}}],"collection":[{"href":"https:\/\/sweetdeal.ca\/fr\/wp-json\/wp\/v2\/product"}],"about":[{"href":"https:\/\/sweetdeal.ca\/fr\/wp-json\/wp\/v2\/types\/product"}],"replies":[{"embeddable":true,"href":"https:\/\/sweetdeal.ca\/fr\/wp-json\/wp\/v2\/comments?post=4327"}],"wp:featuredmedia":[{"embeddable":true,"href":"https:\/\/sweetdeal.ca\/fr\/wp-json\/wp\/v2\/media\/4330"}],"wp:attachment":[{"href":"https:\/\/sweetdeal.ca\/fr\/wp-json\/wp\/v2\/media?parent=4327"}],"wp:term":[{"taxonomy":"product_brand","embeddable":true,"href":"https:\/\/sweetdeal.ca\/fr\/wp-json\/wp\/v2\/product_brand?post=4327"},{"taxonomy":"product_cat","embeddable":true,"href":"https:\/\/sweetdeal.ca\/fr\/wp-json\/wp\/v2\/product_cat?post=4327"},{"taxonomy":"product_tag","embeddable":true,"href":"https:\/\/sweetdeal.ca\/fr\/wp-json\/wp\/v2\/product_tag?post=4327"}],"curies":[{"name":"wp","href":"https:\/\/api.w.org\/{rel}","templated":true}]}}