{"id":3330,"date":"2017-02-02T19:48:15","date_gmt":"2017-02-02T19:48:15","guid":{"rendered":"http:\/\/shop.sweetdeal.ca\/?post_type=product&#038;p=3330"},"modified":"2023-08-19T13:56:59","modified_gmt":"2023-08-19T18:56:59","slug":"hydra-2-desk-mount","status":"publish","type":"product","link":"https:\/\/sweetdeal.ca\/fr\/produit\/hydra-2-desk-mount\/","title":{"rendered":"Hydra 2 Desk Mount &#8211; Monture a bras pour Deux Ecrans"},"content":{"rendered":"<p><img data-recalc-dims=\"1\" loading=\"lazy\" decoding=\"async\" class=\"alignnone size-medium wp-image-3331\" src=\"https:\/\/i0.wp.com\/sweetdeal.ca\/wp-content\/uploads\/2017\/02\/Hydra2_I66349251.jpg?resize=300%2C225&#038;ssl=1\" alt=\"\" width=\"300\" height=\"225\" srcset=\"https:\/\/i0.wp.com\/sweetdeal.ca\/wp-content\/uploads\/2017\/02\/Hydra2_I66349251.jpg?resize=300%2C225&amp;ssl=1 300w, https:\/\/i0.wp.com\/sweetdeal.ca\/wp-content\/uploads\/2017\/02\/Hydra2_I66349251.jpg?w=360&amp;ssl=1 360w\" sizes=\"auto, (max-width: 300px) 100vw, 300px\" \/><\/p>\n","protected":false},"excerpt":{"rendered":"<p><strong>HYDRA2 est un support de moniteur articul\u00e9 \u00e0 double t\u00eate 15-28 ainsi que la plupart des 29 \u00e9crans (VESA).<br \/>\nFixez-le \u00e0 votre bureau et ajustez votre \u00e9cran LCD \u00e0 \u00e9cran plat \u00e0 la meilleure position de vue ergonomique<br \/>\nPivoter, incliner, pivoter, faire pivoter (paysage\/portrait)<br \/>\n&#8212;&#8212;&#8212;&#8212;&#8212;&#8212;&#8212;&#8212;&#8212;&#8212;&#8212;&#8212;&#8212;&#8212;&#8212;&#8212;&#8212;&#8212;&#8212;&#8212;&#8212;&#8212;&#8212;&#8212;&#8212;&#8212;&#8212;&#8212;-<br \/>\nHYDRA2 is an Articulating Dual-Head 15-28 Monitor Mount Also most 29 screens(VESA).<br \/>\nClamp it to your desk and adjust your flat panel LCD display to best ergonomic view position Swivel, Tilt, Pivot, Rotate(Landscape\/Portrait)<\/strong><\/p>\n","protected":false},"featured_media":3331,"comment_status":"open","ping_status":"closed","template":"","meta":{"_acf_changed":false},"product_brand":[],"product_cat":[86],"product_tag":[],"class_list":{"0":"post-3330","1":"product","2":"type-product","3":"status-publish","4":"has-post-thumbnail","6":"product_cat-mounts","7":"product_shipping_class-flat-fee-prix-fixe","9":"first","10":"instock","11":"sale","12":"taxable","13":"shipping-taxable","14":"purchasable","15":"product-type-simple"},"acf":[],"jetpack-related-posts":[],"jetpack_sharing_enabled":true,"_links":{"self":[{"href":"https:\/\/sweetdeal.ca\/fr\/wp-json\/wp\/v2\/product\/3330","targetHints":{"allow":["GET"]}}],"collection":[{"href":"https:\/\/sweetdeal.ca\/fr\/wp-json\/wp\/v2\/product"}],"about":[{"href":"https:\/\/sweetdeal.ca\/fr\/wp-json\/wp\/v2\/types\/product"}],"replies":[{"embeddable":true,"href":"https:\/\/sweetdeal.ca\/fr\/wp-json\/wp\/v2\/comments?post=3330"}],"wp:featuredmedia":[{"embeddable":true,"href":"https:\/\/sweetdeal.ca\/fr\/wp-json\/wp\/v2\/media\/3331"}],"wp:attachment":[{"href":"https:\/\/sweetdeal.ca\/fr\/wp-json\/wp\/v2\/media?parent=3330"}],"wp:term":[{"taxonomy":"product_brand","embeddable":true,"href":"https:\/\/sweetdeal.ca\/fr\/wp-json\/wp\/v2\/product_brand?post=3330"},{"taxonomy":"product_cat","embeddable":true,"href":"https:\/\/sweetdeal.ca\/fr\/wp-json\/wp\/v2\/product_cat?post=3330"},{"taxonomy":"product_tag","embeddable":true,"href":"https:\/\/sweetdeal.ca\/fr\/wp-json\/wp\/v2\/product_tag?post=3330"}],"curies":[{"name":"wp","href":"https:\/\/api.w.org\/{rel}","templated":true}]}}