{"id":16140,"date":"2025-03-11T14:58:31","date_gmt":"2025-03-11T19:58:31","guid":{"rendered":"https:\/\/sweetdeal.ca\/?post_type=product&#038;p=16140"},"modified":"2025-08-21T16:37:16","modified_gmt":"2025-08-21T20:37:16","slug":"bugatti-athens-2-piece-set-athens-ensemble-de-2-valises","status":"publish","type":"product","link":"https:\/\/sweetdeal.ca\/fr\/produit\/bugatti-athens-2-piece-set-athens-ensemble-de-2-valises\/","title":{"rendered":"BUGATTI Athens 2 piece set &#8211; Athens ensemble de 2 valises"},"content":{"rendered":"<p><img data-recalc-dims=\"1\" loading=\"lazy\" decoding=\"async\" class=\"alignnone size-medium wp-image-16141\" src=\"https:\/\/i0.wp.com\/sweetdeal.ca\/wp-content\/uploads\/2025\/03\/1_BUGATTI_ATHENS.webp?resize=180%2C180&#038;ssl=1\" alt=\"\" width=\"180\" height=\"180\" srcset=\"https:\/\/i0.wp.com\/sweetdeal.ca\/wp-content\/uploads\/2025\/03\/1_BUGATTI_ATHENS.webp?resize=180%2C180&amp;ssl=1 180w, https:\/\/i0.wp.com\/sweetdeal.ca\/wp-content\/uploads\/2025\/03\/1_BUGATTI_ATHENS.webp?resize=100%2C100&amp;ssl=1 100w, https:\/\/i0.wp.com\/sweetdeal.ca\/wp-content\/uploads\/2025\/03\/1_BUGATTI_ATHENS.webp?resize=600%2C600&amp;ssl=1 600w, https:\/\/i0.wp.com\/sweetdeal.ca\/wp-content\/uploads\/2025\/03\/1_BUGATTI_ATHENS.webp?w=713&amp;ssl=1 713w\" sizes=\"auto, (max-width: 180px) 100vw, 180px\" \/><\/p>\n","protected":false},"excerpt":{"rendered":"<div>Caract\u00e9ristiques:<\/div>\n<ul>\n<li>Coque rigide en ABS l\u00e9g\u00e8re et r\u00e9sistante<\/li>\n<li>Roues pivotantes \u00e0 360 degr\u00e9s<\/li>\n<li>Poign\u00e9e de chariot t\u00e9lescopique<\/li>\n<li>Poign\u00e9e sup\u00e9rieure et lat\u00e9rale renforc\u00e9e (24&#8243;)<\/li>\n<li>Serrure TSA<\/li>\n<li>Int\u00e9rieur doubl\u00e9 signature avec panneau de s\u00e9paration, poches pratiques et sangle de serrage<\/li>\n<li>Garantie \u00e0 vie limit\u00e9e<br \/>\n&#8212;&#8212;&#8212;&#8212;&#8212;&#8212;&#8212;&#8212;&#8212;&#8212;&#8212;-<\/p>\n<div>Features:<\/div>\n<ul>\n<li>Lightweight and resistant ABS hard shell<\/li>\n<li>360-degree spinner wheels<\/li>\n<li>Telescopic trolley handle<\/li>\n<li>Reinforced top and side handle (24\u201d)<\/li>\n<li>TSA lock<\/li>\n<li>Signature lined interior with dividing panel, practical pockets and tightening strap<\/li>\n<li>Limited lifetime warranty<\/li>\n<\/ul>\n<\/li>\n<\/ul>\n<p>&nbsp;<\/p>\n","protected":false},"featured_media":16141,"comment_status":"open","ping_status":"closed","template":"","meta":{"_acf_changed":false},"product_brand":[],"product_cat":[85],"product_tag":[],"class_list":{"0":"post-16140","1":"product","2":"type-product","3":"status-publish","4":"has-post-thumbnail","6":"product_cat-luggage-sets","7":"product_shipping_class-flat-fee-prix-fixe","9":"first","10":"outofstock","11":"sale","12":"taxable","13":"shipping-taxable","14":"purchasable","15":"product-type-simple"},"acf":[],"jetpack-related-posts":[],"jetpack_sharing_enabled":true,"_links":{"self":[{"href":"https:\/\/sweetdeal.ca\/fr\/wp-json\/wp\/v2\/product\/16140","targetHints":{"allow":["GET"]}}],"collection":[{"href":"https:\/\/sweetdeal.ca\/fr\/wp-json\/wp\/v2\/product"}],"about":[{"href":"https:\/\/sweetdeal.ca\/fr\/wp-json\/wp\/v2\/types\/product"}],"replies":[{"embeddable":true,"href":"https:\/\/sweetdeal.ca\/fr\/wp-json\/wp\/v2\/comments?post=16140"}],"wp:featuredmedia":[{"embeddable":true,"href":"https:\/\/sweetdeal.ca\/fr\/wp-json\/wp\/v2\/media\/16141"}],"wp:attachment":[{"href":"https:\/\/sweetdeal.ca\/fr\/wp-json\/wp\/v2\/media?parent=16140"}],"wp:term":[{"taxonomy":"product_brand","embeddable":true,"href":"https:\/\/sweetdeal.ca\/fr\/wp-json\/wp\/v2\/product_brand?post=16140"},{"taxonomy":"product_cat","embeddable":true,"href":"https:\/\/sweetdeal.ca\/fr\/wp-json\/wp\/v2\/product_cat?post=16140"},{"taxonomy":"product_tag","embeddable":true,"href":"https:\/\/sweetdeal.ca\/fr\/wp-json\/wp\/v2\/product_tag?post=16140"}],"curies":[{"name":"wp","href":"https:\/\/api.w.org\/{rel}","templated":true}]}}