{"id":15910,"date":"2023-10-07T19:20:20","date_gmt":"2023-10-08T00:20:20","guid":{"rendered":"https:\/\/sweetdeal.ca\/?post_type=product&#038;p=15910"},"modified":"2025-08-02T17:49:56","modified_gmt":"2025-08-02T21:49:56","slug":"lorell-conjure-high-back-operator-chair-chaise-doperateur-a-dossier-haut-conjure","status":"publish","type":"product","link":"https:\/\/sweetdeal.ca\/fr\/produit\/lorell-conjure-high-back-operator-chair-chaise-doperateur-a-dossier-haut-conjure\/","title":{"rendered":"Lorell-Conjure High Back Operator Chair-Chaise d&#8217;op\u00e9rateur \u00e0 dossier haut Conjure"},"content":{"rendered":"<p><img data-recalc-dims=\"1\" loading=\"lazy\" decoding=\"async\" class=\"alignnone size-medium wp-image-15911\" src=\"https:\/\/i0.wp.com\/sweetdeal.ca\/wp-content\/uploads\/2023\/10\/1019199-Z.jpg?resize=180%2C180&#038;ssl=1\" alt=\"\" width=\"180\" height=\"180\" srcset=\"https:\/\/i0.wp.com\/sweetdeal.ca\/wp-content\/uploads\/2023\/10\/1019199-Z.jpg?resize=180%2C180&amp;ssl=1 180w, https:\/\/i0.wp.com\/sweetdeal.ca\/wp-content\/uploads\/2023\/10\/1019199-Z.jpg?resize=100%2C100&amp;ssl=1 100w, https:\/\/i0.wp.com\/sweetdeal.ca\/wp-content\/uploads\/2023\/10\/1019199-Z.jpg?resize=768%2C768&amp;ssl=1 768w, https:\/\/i0.wp.com\/sweetdeal.ca\/wp-content\/uploads\/2023\/10\/1019199-Z.jpg?resize=600%2C600&amp;ssl=1 600w, https:\/\/i0.wp.com\/sweetdeal.ca\/wp-content\/uploads\/2023\/10\/1019199-Z.jpg?w=900&amp;ssl=1 900w\" sizes=\"auto, (max-width: 180px) 100vw, 180px\" \/><\/p>\n","protected":false},"excerpt":{"rendered":"<p>Dossier haut maill\u00e9. Si\u00e8ge rembourr\u00e9 en tissu.<br \/>\nMecanisme multifonction independant siege et dossier.<br \/>\nTension ajustable pour le siege ainsi qu&#8217;un si\u00e8ge coulissant<br \/>\npour l&#8217;ajustement de la profondeur.<br \/>\nNoir. 26-3\/4 x 26 x 44&#8243;H.<br \/>\nCouvert par la garantie limit\u00e9e Lorell de 5 ans.<br \/>\n&#8212;&#8212;&#8212;&#8212;&#8212;&#8212;&#8212;&#8212;&#8212;&#8212;&#8212;&#8212;&#8212;&#8212;&#8212;&#8212;&#8212;&#8212;&#8212;&#8212;-<br \/>\nHigh back. Mesh back. Fabric upholstered seat.<br \/>\nMultifunction mechanism features independent seat and lumbar support,<br \/>\ntilt tension adjustment seat slider to adjust seat depth and<br \/>\na forward tilt position for perching.<br \/>\nBlack. 26-3\/4 x 26 x 44&#8243;H.<br \/>\nCovered by Lorell limited 5-year warranty.<\/p>\n","protected":false},"featured_media":15911,"comment_status":"open","ping_status":"closed","template":"","meta":{"_acf_changed":false},"product_brand":[],"product_cat":[98],"product_tag":[],"class_list":{"0":"post-15910","1":"product","2":"type-product","3":"status-publish","4":"has-post-thumbnail","6":"product_cat-seating","7":"product_shipping_class-free-shipping","9":"first","10":"instock","11":"taxable","12":"shipping-taxable","13":"purchasable","14":"product-type-simple"},"acf":[],"jetpack-related-posts":[],"jetpack_sharing_enabled":true,"_links":{"self":[{"href":"https:\/\/sweetdeal.ca\/fr\/wp-json\/wp\/v2\/product\/15910","targetHints":{"allow":["GET"]}}],"collection":[{"href":"https:\/\/sweetdeal.ca\/fr\/wp-json\/wp\/v2\/product"}],"about":[{"href":"https:\/\/sweetdeal.ca\/fr\/wp-json\/wp\/v2\/types\/product"}],"replies":[{"embeddable":true,"href":"https:\/\/sweetdeal.ca\/fr\/wp-json\/wp\/v2\/comments?post=15910"}],"wp:featuredmedia":[{"embeddable":true,"href":"https:\/\/sweetdeal.ca\/fr\/wp-json\/wp\/v2\/media\/15911"}],"wp:attachment":[{"href":"https:\/\/sweetdeal.ca\/fr\/wp-json\/wp\/v2\/media?parent=15910"}],"wp:term":[{"taxonomy":"product_brand","embeddable":true,"href":"https:\/\/sweetdeal.ca\/fr\/wp-json\/wp\/v2\/product_brand?post=15910"},{"taxonomy":"product_cat","embeddable":true,"href":"https:\/\/sweetdeal.ca\/fr\/wp-json\/wp\/v2\/product_cat?post=15910"},{"taxonomy":"product_tag","embeddable":true,"href":"https:\/\/sweetdeal.ca\/fr\/wp-json\/wp\/v2\/product_tag?post=15910"}],"curies":[{"name":"wp","href":"https:\/\/api.w.org\/{rel}","templated":true}]}}