{"id":15898,"date":"2023-08-29T21:33:19","date_gmt":"2023-08-30T02:33:19","guid":{"rendered":"https:\/\/sweetdeal.ca\/?post_type=product&#038;p=15898"},"modified":"2025-03-08T21:35:26","modified_gmt":"2025-03-09T03:35:26","slug":"mira-desk-bureau-mira","status":"publish","type":"product","link":"https:\/\/sweetdeal.ca\/fr\/produit\/mira-desk-bureau-mira\/","title":{"rendered":"Mira Desk &#8211; Bureau Mira"},"content":{"rendered":"<p><img data-recalc-dims=\"1\" loading=\"lazy\" decoding=\"async\" class=\"alignnone size-medium wp-image-15899\" src=\"https:\/\/i0.wp.com\/sweetdeal.ca\/wp-content\/uploads\/2023\/08\/440180-Z.jpg?resize=180%2C180&#038;ssl=1\" alt=\"\" width=\"180\" height=\"180\" srcset=\"https:\/\/i0.wp.com\/sweetdeal.ca\/wp-content\/uploads\/2023\/08\/440180-Z.jpg?resize=180%2C180&amp;ssl=1 180w, https:\/\/i0.wp.com\/sweetdeal.ca\/wp-content\/uploads\/2023\/08\/440180-Z.jpg?resize=100%2C100&amp;ssl=1 100w, https:\/\/i0.wp.com\/sweetdeal.ca\/wp-content\/uploads\/2023\/08\/440180-Z.jpg?resize=768%2C768&amp;ssl=1 768w, https:\/\/i0.wp.com\/sweetdeal.ca\/wp-content\/uploads\/2023\/08\/440180-Z.jpg?resize=600%2C600&amp;ssl=1 600w, https:\/\/i0.wp.com\/sweetdeal.ca\/wp-content\/uploads\/2023\/08\/440180-Z.jpg?w=900&amp;ssl=1 900w\" sizes=\"auto, (max-width: 180px) 100vw, 180px\" \/><\/p>\n","protected":false},"excerpt":{"rendered":"<p><strong>Dessus en stratifi\u00e9 de 1&#8243; d&#8217;\u00e9paisseur r\u00e9sistant aux \u00e9gratignures et \u00e0 l&#8217;eau. <\/strong><br \/>\n<strong>Chants robustes de 2 mm. <\/strong><br \/>\n<strong>Caisson format Lettre suspendu avec tiroirs utilitaire\/classement.<\/strong><br \/>\n<strong>&#8212;&#8212;&#8212;&#8212;&#8212;&#8212;&#8212;&#8212;&#8212;&#8212;&#8212;&#8212;&#8212;&#8212;&#8212;&#8212;&#8212;&#8212;&#8212;&#8212;&#8212;&#8212;&#8212;&#8212;-<\/strong><br \/>\n<strong>Commercial-grade, 1&#8243;-thick laminate surface resists scratches and water. <\/strong><br \/>\n<strong>Rugged 2 mm edges. <\/strong><br \/>\n<strong>Hanging pedestal with utility\/filing letter sized drawers.<\/strong><\/p>\n","protected":false},"featured_media":15899,"comment_status":"open","ping_status":"closed","template":"","meta":{"_acf_changed":false},"product_brand":[],"product_cat":[77],"product_tag":[],"class_list":{"0":"post-15898","1":"product","2":"type-product","3":"status-publish","4":"has-post-thumbnail","6":"product_cat-desking","8":"first","9":"instock","10":"sale","11":"taxable","12":"shipping-taxable","13":"purchasable","14":"product-type-simple"},"acf":[],"jetpack-related-posts":[],"jetpack_sharing_enabled":true,"_links":{"self":[{"href":"https:\/\/sweetdeal.ca\/fr\/wp-json\/wp\/v2\/product\/15898","targetHints":{"allow":["GET"]}}],"collection":[{"href":"https:\/\/sweetdeal.ca\/fr\/wp-json\/wp\/v2\/product"}],"about":[{"href":"https:\/\/sweetdeal.ca\/fr\/wp-json\/wp\/v2\/types\/product"}],"replies":[{"embeddable":true,"href":"https:\/\/sweetdeal.ca\/fr\/wp-json\/wp\/v2\/comments?post=15898"}],"wp:featuredmedia":[{"embeddable":true,"href":"https:\/\/sweetdeal.ca\/fr\/wp-json\/wp\/v2\/media\/15899"}],"wp:attachment":[{"href":"https:\/\/sweetdeal.ca\/fr\/wp-json\/wp\/v2\/media?parent=15898"}],"wp:term":[{"taxonomy":"product_brand","embeddable":true,"href":"https:\/\/sweetdeal.ca\/fr\/wp-json\/wp\/v2\/product_brand?post=15898"},{"taxonomy":"product_cat","embeddable":true,"href":"https:\/\/sweetdeal.ca\/fr\/wp-json\/wp\/v2\/product_cat?post=15898"},{"taxonomy":"product_tag","embeddable":true,"href":"https:\/\/sweetdeal.ca\/fr\/wp-json\/wp\/v2\/product_tag?post=15898"}],"curies":[{"name":"wp","href":"https:\/\/api.w.org\/{rel}","templated":true}]}}