{"id":15809,"date":"2022-10-01T21:00:06","date_gmt":"2022-10-02T02:00:06","guid":{"rendered":"https:\/\/sweetdeal.ca\/?post_type=product&#038;p=15809"},"modified":"2025-03-11T13:14:48","modified_gmt":"2025-03-11T18:14:48","slug":"bugatti-bugatti-central-duffle-bag-bugatti-central-sacs-de-voyage-2","status":"publish","type":"product","link":"https:\/\/sweetdeal.ca\/fr\/produit\/bugatti-bugatti-central-duffle-bag-bugatti-central-sacs-de-voyage-2\/","title":{"rendered":"BUGATTI-CENTRAL DUFFLE BAG-BUGATTI CENTRAL SACS DE VOYAGE"},"content":{"rendered":"<p><img data-recalc-dims=\"1\" loading=\"lazy\" decoding=\"async\" class=\"alignnone size-full wp-image-15787\" src=\"https:\/\/i0.wp.com\/sweetdeal.ca\/wp-content\/uploads\/2022\/10\/1_DUF2435BU_GREYBROWN_FRONT-100x100-1.jpg?resize=100%2C100&#038;ssl=1\" alt=\"\" width=\"100\" height=\"100\" \/><\/p>\n","protected":false},"excerpt":{"rendered":"<p>La Collection Central par Bugatti pr\u00e9sente des pi\u00e8ces classiques au look urbain.<br \/>\nCon\u00e7us \u00e0 partir de cuir v\u00e9g\u00e9talien textur\u00e9, ces items comprennent plusieurs fonctionnalit\u00e9s pratiques qui vous assurent un confort maximal et une organisation optimale au quotidien.<br \/>\nPens\u00e9s pour la vie moderne, ces sacs deviendront rapidement les incontournables de vos journ\u00e9es charg\u00e9es!<br \/>\nSac de voyage classique en cuir v\u00e9g\u00e9talien textur\u00e9<br \/>\nFait de cuir v\u00e9gan textur\u00e9<br \/>\nGrand compartiment principal avec fermeture \u00e9clair sur le dessus<br \/>\nPochette int\u00e9rieure \u00e0 fermeture \u00e0 glissi\u00e8re pour vos accessoires \u00e9lectroniques<br \/>\nPanneau organisateur int\u00e9gr\u00e9 avec plusieurs pochettes \u00e0 l\u2019int\u00e9rieur du sac de voyage, pour ranger facilement vos items pr\u00e9f\u00e9r\u00e9s<br \/>\nCompartiment additionnel avec ouverture \u00e0 fermeture \u00e9clair sur le c\u00f4t\u00e9 du sac, pour une paire de souliers ou des accessoires de sport<br \/>\nPochette profonde avec fermeture \u00e0 glissi\u00e8re \u00e0 l\u2019avant du sac, pour un acc\u00e8s rapide \u00e0 votre portefeuille et \u00e0 votre t\u00e9l\u00e9phone<br \/>\nSangle amovible et ajustable avec coussinet d\u00e9tachable, pour porter le sac de voyage en bandouli\u00e8re ou \u00e0 l\u2019\u00e9paule<br \/>\nDeux poign\u00e9es renforc\u00e9es sur le dessus pour porter le sac \u00e0 la main<br \/>\nRabat avec boutons-pression sur les poign\u00e9es sup\u00e9rieures, pour une prise facile<br \/>\nSangle arri\u00e8re pour glisser le sac sur la poign\u00e9e t\u00e9lescopique de votre valise<br \/>\nTirettes de fermetures \u00e9clair sign\u00e9es Bugatti Disponible en 2 couleurs tendance : noir et brun<br \/>\n\u2014\u2014\u2014\u2014\u2014\u2014\u2014\u2014\u2014\u2014\u2014\u2014\u2014\u2014\u2014\u2014\u2014\u2014\u2014\u2014\u2014\u2014\u2014\u2014\u2014\u2014\u2014\u2014\u2014\u2014\u2014\u2014\u2014\u2014\u2014\u2014\u2013<br \/>\nIntroducing Bugatti\u2019s Central Collection, with its classic pieces designed for modern life.<br \/>\nMade from textured vegan leather, these items include various well-thought-out features to keep you comfortable and organized, all day long.<br \/>\nWith their urban look, these bags will quickly become allies of your busy life!<br \/>\nTextured Vegan Leather Classic Duffle Bag<br \/>\nMade with textured vegan leather<br \/>\nLarge main compartment with top zip closure<br \/>\nInterior zippered pocket for your electronic accessories<br \/>\nInterior organizer panel with various pockets included, to facilitate organization of your favorite items<br \/>\nSeparate side compartment to store your shoes or sports accessories<br \/>\nDeep front pocket with zip closure, for easy access to your wallet and phone<br \/>\nRemovable and adjustable strap with detachable shoulder pad, to wear the duffle as a crossbody or on the shoulder<br \/>\nTwo reinforced handles on top of the duffle to carry it by hand<br \/>\nFlap with snap buttons on the top handles, for an easy grip<br \/>\nTrolley pass-through to slide the weekender bag onto the telescopic handle of your suitcase Bugatti zipper pullers<br \/>\nAvailable in 2 trendy colors: Black and Brown<\/p>\n","protected":false},"featured_media":15789,"comment_status":"open","ping_status":"closed","template":"","meta":{"_acf_changed":false},"product_brand":[],"product_cat":[131,133,134,115],"product_tag":[],"class_list":{"0":"post-15809","1":"product","2":"type-product","3":"status-publish","4":"has-post-thumbnail","6":"product_cat-ladies-tote-bag","7":"product_cat-messenger-bags","8":"product_cat-backpacks","9":"product_cat-womens-bags","10":"product_shipping_class-free-shipping","12":"first","13":"instock","14":"sale","15":"taxable","16":"shipping-taxable","17":"purchasable","18":"product-type-simple"},"acf":[],"jetpack-related-posts":[],"jetpack_sharing_enabled":true,"_links":{"self":[{"href":"https:\/\/sweetdeal.ca\/fr\/wp-json\/wp\/v2\/product\/15809","targetHints":{"allow":["GET"]}}],"collection":[{"href":"https:\/\/sweetdeal.ca\/fr\/wp-json\/wp\/v2\/product"}],"about":[{"href":"https:\/\/sweetdeal.ca\/fr\/wp-json\/wp\/v2\/types\/product"}],"replies":[{"embeddable":true,"href":"https:\/\/sweetdeal.ca\/fr\/wp-json\/wp\/v2\/comments?post=15809"}],"wp:featuredmedia":[{"embeddable":true,"href":"https:\/\/sweetdeal.ca\/fr\/wp-json\/wp\/v2\/media\/15789"}],"wp:attachment":[{"href":"https:\/\/sweetdeal.ca\/fr\/wp-json\/wp\/v2\/media?parent=15809"}],"wp:term":[{"taxonomy":"product_brand","embeddable":true,"href":"https:\/\/sweetdeal.ca\/fr\/wp-json\/wp\/v2\/product_brand?post=15809"},{"taxonomy":"product_cat","embeddable":true,"href":"https:\/\/sweetdeal.ca\/fr\/wp-json\/wp\/v2\/product_cat?post=15809"},{"taxonomy":"product_tag","embeddable":true,"href":"https:\/\/sweetdeal.ca\/fr\/wp-json\/wp\/v2\/product_tag?post=15809"}],"curies":[{"name":"wp","href":"https:\/\/api.w.org\/{rel}","templated":true}]}}