{"id":15699,"date":"2022-09-27T00:17:16","date_gmt":"2022-09-27T05:17:16","guid":{"rendered":"https:\/\/sweetdeal.ca\/?post_type=product&#038;p=15699"},"modified":"2023-08-19T14:00:28","modified_gmt":"2023-08-19T19:00:28","slug":"lenovo-thinkbook-14s-yoga-g2-iap-14in-thinkbook-14s-yoga-g2-iap-14in","status":"publish","type":"product","link":"https:\/\/sweetdeal.ca\/fr\/produit\/lenovo-thinkbook-14s-yoga-g2-iap-14in-thinkbook-14s-yoga-g2-iap-14in\/","title":{"rendered":"LENOVO THINKBOOK 14S YOGA G2 IAP 14IN &#8211; THINKBOOK 14S YOGA G2 IAP 14IN"},"content":{"rendered":"<p><img data-recalc-dims=\"1\" loading=\"lazy\" decoding=\"async\" class=\"alignnone size-medium wp-image-15700\" src=\"https:\/\/i0.wp.com\/sweetdeal.ca\/wp-content\/uploads\/2022\/09\/V1DSD22061310Z24C68.jpg?resize=180%2C135&#038;ssl=1\" alt=\"\" width=\"180\" height=\"135\" srcset=\"https:\/\/i0.wp.com\/sweetdeal.ca\/wp-content\/uploads\/2022\/09\/V1DSD22061310Z24C68.jpg?resize=180%2C135&amp;ssl=1 180w, https:\/\/i0.wp.com\/sweetdeal.ca\/wp-content\/uploads\/2022\/09\/V1DSD22061310Z24C68.jpg?resize=1024%2C768&amp;ssl=1 1024w, https:\/\/i0.wp.com\/sweetdeal.ca\/wp-content\/uploads\/2022\/09\/V1DSD22061310Z24C68.jpg?resize=768%2C576&amp;ssl=1 768w, https:\/\/i0.wp.com\/sweetdeal.ca\/wp-content\/uploads\/2022\/09\/V1DSD22061310Z24C68.jpg?resize=600%2C450&amp;ssl=1 600w, https:\/\/i0.wp.com\/sweetdeal.ca\/wp-content\/uploads\/2022\/09\/V1DSD22061310Z24C68.jpg?w=1280&amp;ssl=1 1280w\" sizes=\"auto, (max-width: 180px) 100vw, 180px\" \/><\/p>\n","protected":false},"excerpt":{"rendered":"<p>ThinkBook 14s Yoga Gen2 Intel CORE I7-1255U1.7G 14.0<br \/>\nFHD AG 300N MT Nit SRGB Display W11 Pro<br \/>\n16 Go de m\u00e9moire SSD 512 Go Clavier r\u00e9tro\u00e9clair\u00e9 2&#215;2<br \/>\nAX avec bouton d&#8217;alimentation intelligent avec empreinte digitale int\u00e9gr\u00e9e<br \/>\nGarantie 1 an Courrier\/Carry in<br \/>\n&#8212;&#8212;&#8212;&#8212;&#8212;&#8212;&#8212;&#8212;&#8212;&#8212;&#8212;&#8212;&#8212;&#8212;&#8212;&#8212;&#8212;&#8212;&#8212;&#8212;&#8212;&#8212;&#8212;&#8212;&#8212;&#8212;&#8212;&#8212;-<br \/>\nThinkBook 14s Yoga Gen2 Intel CORE I7-1255U1.7G 14.0<br \/>\nFHD AG 300N MT Nit SRGB Display W11 Pro<br \/>\n16GB Memory 512GB SSD Backlit Keyboard 2&#215;2<br \/>\nAX with Smart Power Button with Integrated Fingerprint<br \/>\n1 Year Courier\/Carry in<\/p>\n","protected":false},"featured_media":15700,"comment_status":"open","ping_status":"closed","template":"","meta":{"_acf_changed":false},"product_brand":[],"product_cat":[75,87],"product_tag":[],"class_list":{"0":"post-15699","1":"product","2":"type-product","3":"status-publish","4":"has-post-thumbnail","6":"product_cat-chromebooks","7":"product_cat-notebooks-laptops","8":"product_shipping_class-flat-fee-prix-fixe","10":"first","11":"outofstock","12":"sale","13":"taxable","14":"shipping-taxable","15":"purchasable","16":"product-type-simple"},"acf":[],"jetpack-related-posts":[],"jetpack_sharing_enabled":true,"_links":{"self":[{"href":"https:\/\/sweetdeal.ca\/fr\/wp-json\/wp\/v2\/product\/15699","targetHints":{"allow":["GET"]}}],"collection":[{"href":"https:\/\/sweetdeal.ca\/fr\/wp-json\/wp\/v2\/product"}],"about":[{"href":"https:\/\/sweetdeal.ca\/fr\/wp-json\/wp\/v2\/types\/product"}],"replies":[{"embeddable":true,"href":"https:\/\/sweetdeal.ca\/fr\/wp-json\/wp\/v2\/comments?post=15699"}],"wp:featuredmedia":[{"embeddable":true,"href":"https:\/\/sweetdeal.ca\/fr\/wp-json\/wp\/v2\/media\/15700"}],"wp:attachment":[{"href":"https:\/\/sweetdeal.ca\/fr\/wp-json\/wp\/v2\/media?parent=15699"}],"wp:term":[{"taxonomy":"product_brand","embeddable":true,"href":"https:\/\/sweetdeal.ca\/fr\/wp-json\/wp\/v2\/product_brand?post=15699"},{"taxonomy":"product_cat","embeddable":true,"href":"https:\/\/sweetdeal.ca\/fr\/wp-json\/wp\/v2\/product_cat?post=15699"},{"taxonomy":"product_tag","embeddable":true,"href":"https:\/\/sweetdeal.ca\/fr\/wp-json\/wp\/v2\/product_tag?post=15699"}],"curies":[{"name":"wp","href":"https:\/\/api.w.org\/{rel}","templated":true}]}}