{"id":15626,"date":"2022-09-23T16:59:36","date_gmt":"2022-09-23T21:59:36","guid":{"rendered":"https:\/\/sweetdeal.ca\/?post_type=product&#038;p=15626"},"modified":"2022-09-23T17:01:38","modified_gmt":"2022-09-23T22:01:38","slug":"microsoft-1850-mobile-wireless-mouse-red-souris-1850microsoft-rouge-sans-fil","status":"publish","type":"product","link":"https:\/\/sweetdeal.ca\/fr\/produit\/microsoft-1850-mobile-wireless-mouse-red-souris-1850microsoft-rouge-sans-fil\/","title":{"rendered":"Microsoft 1850 Mobile Wireless Mouse Red- Souris 1850Microsoft Rouge Sans Fil"},"content":{"rendered":"<p><img data-recalc-dims=\"1\" loading=\"lazy\" decoding=\"async\" class=\"alignnone size-medium wp-image-15627\" src=\"https:\/\/i0.wp.com\/sweetdeal.ca\/wp-content\/uploads\/2022\/09\/1850-Wireless-Mouse_Red_277871-Z.jpg?resize=180%2C180&#038;ssl=1\" alt=\"\" width=\"180\" height=\"180\" srcset=\"https:\/\/i0.wp.com\/sweetdeal.ca\/wp-content\/uploads\/2022\/09\/1850-Wireless-Mouse_Red_277871-Z.jpg?resize=180%2C180&amp;ssl=1 180w, https:\/\/i0.wp.com\/sweetdeal.ca\/wp-content\/uploads\/2022\/09\/1850-Wireless-Mouse_Red_277871-Z.jpg?resize=100%2C100&amp;ssl=1 100w, https:\/\/i0.wp.com\/sweetdeal.ca\/wp-content\/uploads\/2022\/09\/1850-Wireless-Mouse_Red_277871-Z.jpg?resize=768%2C768&amp;ssl=1 768w, https:\/\/i0.wp.com\/sweetdeal.ca\/wp-content\/uploads\/2022\/09\/1850-Wireless-Mouse_Red_277871-Z.jpg?resize=600%2C600&amp;ssl=1 600w, https:\/\/i0.wp.com\/sweetdeal.ca\/wp-content\/uploads\/2022\/09\/1850-Wireless-Mouse_Red_277871-Z.jpg?w=900&amp;ssl=1 900w\" sizes=\"auto, (max-width: 180px) 100vw, 180px\" \/><\/p>\n","protected":false},"excerpt":{"rendered":"<p>Souris compacte sans fil avec rangement int\u00e9gr\u00e9 pour le nano-r\u00e9cepteur.<br \/>\nRoulette de d\u00e9filement. Forme ambidextre.<br \/>\nUtilise 1 pile AA (incluse). USB. Vendu \u00e0 l&#8217;unit\u00e9<br \/>\n&#8212;&#8212;&#8212;&#8212;&#8212;&#8212;&#8212;&#8212;&#8212;&#8212;&#8212;&#8212;&#8212;&#8212;&#8212;&#8212;&#8212;&#8212;&#8212;&#8212;&#8212;&#8212;-<br \/>\nCompact wireless mouse with built-in transceiver storage.<br \/>\nScroll wheel. Ambidextruous shape.<br \/>\nRequires 1 AA battery (included). USB. Sold by each<\/p>\n","protected":false},"featured_media":15629,"comment_status":"open","ping_status":"closed","template":"","meta":{"_acf_changed":false},"product_brand":[],"product_cat":[112],"product_tag":[],"class_list":{"0":"post-15626","1":"product","2":"type-product","3":"status-publish","4":"has-post-thumbnail","6":"product_cat-mouse-pointing-devices","7":"product_shipping_class-free-shipping","9":"first","10":"instock","11":"sale","12":"taxable","13":"shipping-taxable","14":"purchasable","15":"product-type-simple"},"acf":[],"jetpack-related-posts":[],"jetpack_sharing_enabled":true,"_links":{"self":[{"href":"https:\/\/sweetdeal.ca\/fr\/wp-json\/wp\/v2\/product\/15626","targetHints":{"allow":["GET"]}}],"collection":[{"href":"https:\/\/sweetdeal.ca\/fr\/wp-json\/wp\/v2\/product"}],"about":[{"href":"https:\/\/sweetdeal.ca\/fr\/wp-json\/wp\/v2\/types\/product"}],"replies":[{"embeddable":true,"href":"https:\/\/sweetdeal.ca\/fr\/wp-json\/wp\/v2\/comments?post=15626"}],"wp:featuredmedia":[{"embeddable":true,"href":"https:\/\/sweetdeal.ca\/fr\/wp-json\/wp\/v2\/media\/15629"}],"wp:attachment":[{"href":"https:\/\/sweetdeal.ca\/fr\/wp-json\/wp\/v2\/media?parent=15626"}],"wp:term":[{"taxonomy":"product_brand","embeddable":true,"href":"https:\/\/sweetdeal.ca\/fr\/wp-json\/wp\/v2\/product_brand?post=15626"},{"taxonomy":"product_cat","embeddable":true,"href":"https:\/\/sweetdeal.ca\/fr\/wp-json\/wp\/v2\/product_cat?post=15626"},{"taxonomy":"product_tag","embeddable":true,"href":"https:\/\/sweetdeal.ca\/fr\/wp-json\/wp\/v2\/product_tag?post=15626"}],"curies":[{"name":"wp","href":"https:\/\/api.w.org\/{rel}","templated":true}]}}