{"id":14691,"date":"2022-08-09T11:45:15","date_gmt":"2022-08-09T16:45:15","guid":{"rendered":"https:\/\/sweetdeal.ca\/?post_type=product&#038;p=14691"},"modified":"2022-08-09T11:56:24","modified_gmt":"2022-08-09T16:56:24","slug":"kleton-lockers-12-x-18-x-82-steel-grey-knocked-down","status":"publish","type":"product","link":"https:\/\/sweetdeal.ca\/fr\/produit\/kleton-lockers-12-x-18-x-82-steel-grey-knocked-down\/","title":{"rendered":"KLETON  Lockers, 12&#8243; x 18&#8243; x 82&#8243;, Steel, Grey, Knocked Down- Casiers, 12&#8243; x 18&#8243; x 82&#8243;, Acier, Gris, D\u00e9mont\u00e9"},"content":{"rendered":"<p><img data-recalc-dims=\"1\" loading=\"lazy\" decoding=\"async\" class=\"alignnone size-medium wp-image-14694\" src=\"https:\/\/i0.wp.com\/sweetdeal.ca\/wp-content\/uploads\/2022\/08\/FL380-1.webp?resize=180%2C180&#038;ssl=1\" alt=\"\" width=\"180\" height=\"180\" srcset=\"https:\/\/i0.wp.com\/sweetdeal.ca\/wp-content\/uploads\/2022\/08\/FL380-1.webp?resize=180%2C180&amp;ssl=1 180w, https:\/\/i0.wp.com\/sweetdeal.ca\/wp-content\/uploads\/2022\/08\/FL380-1.webp?resize=1024%2C1024&amp;ssl=1 1024w, https:\/\/i0.wp.com\/sweetdeal.ca\/wp-content\/uploads\/2022\/08\/FL380-1.webp?resize=100%2C100&amp;ssl=1 100w, https:\/\/i0.wp.com\/sweetdeal.ca\/wp-content\/uploads\/2022\/08\/FL380-1.webp?resize=768%2C768&amp;ssl=1 768w, https:\/\/i0.wp.com\/sweetdeal.ca\/wp-content\/uploads\/2022\/08\/FL380-1.webp?resize=1536%2C1536&amp;ssl=1 1536w, https:\/\/i0.wp.com\/sweetdeal.ca\/wp-content\/uploads\/2022\/08\/FL380-1.webp?resize=600%2C600&amp;ssl=1 600w, https:\/\/i0.wp.com\/sweetdeal.ca\/wp-content\/uploads\/2022\/08\/FL380-1.webp?w=2000&amp;ssl=1 2000w\" sizes=\"auto, (max-width: 180px) 100vw, 180px\" \/><img data-recalc-dims=\"1\" loading=\"lazy\" decoding=\"async\" class=\"alignnone size-medium wp-image-14692\" src=\"https:\/\/i0.wp.com\/sweetdeal.ca\/wp-content\/uploads\/2022\/08\/FL380.webp?resize=180%2C180&#038;ssl=1\" alt=\"\" width=\"180\" height=\"180\" srcset=\"https:\/\/i0.wp.com\/sweetdeal.ca\/wp-content\/uploads\/2022\/08\/FL380.webp?resize=180%2C180&amp;ssl=1 180w, https:\/\/i0.wp.com\/sweetdeal.ca\/wp-content\/uploads\/2022\/08\/FL380.webp?resize=1024%2C1024&amp;ssl=1 1024w, https:\/\/i0.wp.com\/sweetdeal.ca\/wp-content\/uploads\/2022\/08\/FL380.webp?resize=100%2C100&amp;ssl=1 100w, https:\/\/i0.wp.com\/sweetdeal.ca\/wp-content\/uploads\/2022\/08\/FL380.webp?resize=768%2C768&amp;ssl=1 768w, https:\/\/i0.wp.com\/sweetdeal.ca\/wp-content\/uploads\/2022\/08\/FL380.webp?resize=1536%2C1536&amp;ssl=1 1536w, https:\/\/i0.wp.com\/sweetdeal.ca\/wp-content\/uploads\/2022\/08\/FL380.webp?resize=600%2C600&amp;ssl=1 600w, https:\/\/i0.wp.com\/sweetdeal.ca\/wp-content\/uploads\/2022\/08\/FL380.webp?w=2000&amp;ssl=1 2000w\" sizes=\"auto, (max-width: 180px) 100vw, 180px\" \/><\/p>\n","protected":false},"excerpt":{"rendered":"<div class=\"detail-accordian-header\">\n<p>Description<\/p>\n<\/div>\n<div id=\"product-tab-desc\" class=\"details-accordian-body\">\n<ul>\n<li>Assemblage requis, pr\u00eat \u00e0 assembler avec \u00e9crous et boulons compris<\/li>\n<li>Cadres de calibre 16, corps et tablettes de calibre 24<\/li>\n<li>Portes \u00e0 panneaux doubles, ext\u00e9rieur de calibre 20 et int\u00e9rieur de calibre 24<\/li>\n<li>Poign\u00e9es pour cadenas en retrait, en acier inoxydable<\/li>\n<li>Loquet magn\u00e9tique assurant une fixation solide de la porte lorsque ferm\u00e9e<\/li>\n<li>Trois porte-manteaux zingu\u00e9s compris avec les casiers de un et deux niveaux<\/li>\n<li>Fini \u00e0 rev\u00eatement de peinture en poudre durable gris<\/li>\n<li>Plaques num\u00e9rot\u00e9es offertes s\u00e9par\u00e9ment<br \/>\n&#8212;&#8212;&#8212;&#8212;&#8212;&#8212;&#8212;&#8212;&#8212;&#8212;&#8212;&#8212;&#8212;&#8212;&#8212;&#8211;<\/li>\n<\/ul>\n<\/div>\n<div class=\"detail-accordian-header\">\n<p>Description<\/p>\n<\/div>\n<div id=\"product-tab-desc\" class=\"details-accordian-body\">\n<ul>\n<li>Ships knocked down, ready to assemble with nuts and bolts included<\/li>\n<li>16-gauge frames, 24-gauge body and shelves<\/li>\n<li>Double pan construction doors, 20-gauge outer and 24-gauge inner pans<\/li>\n<li>Stainless steel recessed padlock handles<\/li>\n<li>Magnetic latch ensures door is properly fastened when closed<\/li>\n<li>Three zinc-plated coat hooks and one shelf included with single and double tier lockers<\/li>\n<li>Durable powder-coated grey paint finish<\/li>\n<li>Number plates available separately<\/li>\n<\/ul>\n<\/div>\n","protected":false},"featured_media":14692,"comment_status":"open","ping_status":"closed","template":"","meta":{"_acf_changed":false},"product_brand":[],"product_cat":[135],"product_tag":[],"class_list":{"0":"post-14691","1":"product","2":"type-product","3":"status-publish","4":"has-post-thumbnail","6":"product_cat-lockers","7":"product_shipping_class-flat-fee-prix-fixe","9":"first","10":"instock","11":"sale","12":"taxable","13":"shipping-taxable","14":"purchasable","15":"product-type-simple"},"acf":[],"jetpack-related-posts":[],"jetpack_sharing_enabled":true,"_links":{"self":[{"href":"https:\/\/sweetdeal.ca\/fr\/wp-json\/wp\/v2\/product\/14691","targetHints":{"allow":["GET"]}}],"collection":[{"href":"https:\/\/sweetdeal.ca\/fr\/wp-json\/wp\/v2\/product"}],"about":[{"href":"https:\/\/sweetdeal.ca\/fr\/wp-json\/wp\/v2\/types\/product"}],"replies":[{"embeddable":true,"href":"https:\/\/sweetdeal.ca\/fr\/wp-json\/wp\/v2\/comments?post=14691"}],"wp:featuredmedia":[{"embeddable":true,"href":"https:\/\/sweetdeal.ca\/fr\/wp-json\/wp\/v2\/media\/14692"}],"wp:attachment":[{"href":"https:\/\/sweetdeal.ca\/fr\/wp-json\/wp\/v2\/media?parent=14691"}],"wp:term":[{"taxonomy":"product_brand","embeddable":true,"href":"https:\/\/sweetdeal.ca\/fr\/wp-json\/wp\/v2\/product_brand?post=14691"},{"taxonomy":"product_cat","embeddable":true,"href":"https:\/\/sweetdeal.ca\/fr\/wp-json\/wp\/v2\/product_cat?post=14691"},{"taxonomy":"product_tag","embeddable":true,"href":"https:\/\/sweetdeal.ca\/fr\/wp-json\/wp\/v2\/product_tag?post=14691"}],"curies":[{"name":"wp","href":"https:\/\/api.w.org\/{rel}","templated":true}]}}