{"id":14652,"date":"2022-06-19T17:08:47","date_gmt":"2022-06-19T22:08:47","guid":{"rendered":"https:\/\/sweetdeal.ca\/?post_type=product&#038;p=14652"},"modified":"2022-06-19T17:10:24","modified_gmt":"2022-06-19T22:10:24","slug":"rmp-janitor-cleaning-starter-kit-51-x-20-x-38-plastic-black-ensemble-de-demarrage-de-nettoyage-pour-concierge-51-x-20-x-38-plastique-noir","status":"publish","type":"product","link":"https:\/\/sweetdeal.ca\/fr\/produit\/rmp-janitor-cleaning-starter-kit-51-x-20-x-38-plastic-black-ensemble-de-demarrage-de-nettoyage-pour-concierge-51-x-20-x-38-plastique-noir\/","title":{"rendered":"RMP &#8211; Janitor Cleaning Starter Kit, 51&#8243; x 20&#8243; x 38&#8243;, Plastic, Black &#8211; Ensemble de d\u00e9marrage de nettoyage pour concierge, 51&#8243; x 20&#8243; x 38&#8243;, Plastique, Noir"},"content":{"rendered":"<p><img data-recalc-dims=\"1\" loading=\"lazy\" decoding=\"async\" class=\"alignnone size-medium wp-image-14653\" src=\"https:\/\/i0.wp.com\/sweetdeal.ca\/wp-content\/uploads\/2022\/06\/ji632.webp?resize=180%2C180&#038;ssl=1\" alt=\"\" width=\"180\" height=\"180\" srcset=\"https:\/\/i0.wp.com\/sweetdeal.ca\/wp-content\/uploads\/2022\/06\/ji632.webp?resize=180%2C180&amp;ssl=1 180w, https:\/\/i0.wp.com\/sweetdeal.ca\/wp-content\/uploads\/2022\/06\/ji632.webp?resize=1024%2C1024&amp;ssl=1 1024w, https:\/\/i0.wp.com\/sweetdeal.ca\/wp-content\/uploads\/2022\/06\/ji632.webp?resize=100%2C100&amp;ssl=1 100w, https:\/\/i0.wp.com\/sweetdeal.ca\/wp-content\/uploads\/2022\/06\/ji632.webp?resize=768%2C768&amp;ssl=1 768w, https:\/\/i0.wp.com\/sweetdeal.ca\/wp-content\/uploads\/2022\/06\/ji632.webp?resize=1536%2C1536&amp;ssl=1 1536w, https:\/\/i0.wp.com\/sweetdeal.ca\/wp-content\/uploads\/2022\/06\/ji632.webp?resize=600%2C600&amp;ssl=1 600w, https:\/\/i0.wp.com\/sweetdeal.ca\/wp-content\/uploads\/2022\/06\/ji632.webp?w=2000&amp;ssl=1 2000w\" sizes=\"auto, (max-width: 180px) 100vw, 180px\" \/><\/p>\n","protected":false},"excerpt":{"rendered":"<div class=\"detail-accordian-header\">\n<h3>Description &#8211; Livraison Gratuite<\/h3>\n<\/div>\n<div id=\"product-tab-desc\" class=\"details-accordian-body\">\n<ul>\n<li>Chariot d&#8217;entretien avec grande capacit\u00e9 de rangement pour tout l&#8217;\u00e9quipement de nettoyage<\/li>\n<li>Chariot d&#8217;entretien \u00e0 roulettes pivotantes et roues arri\u00e8res de 8&#8243; facilitant l&#8217;utilisation<\/li>\n<li>Seau et essoreuse pour vadrouille r\u00e9duisant les \u00e9claboussures pour un environnement de travail plus propre et plus s\u00e9curitaire<\/li>\n<li>Enseigne de s\u00e9curit\u00e9 bilingue &#8220;plancher mouill\u00e9&#8221; de 24&#8243; h x 12&#8243; la autonome, jaune brillant pour la visibilit\u00e9 et fabriqu\u00e9e en polypropyl\u00e8ne durable<\/li>\n<li>Porte-poussi\u00e8re \u00e0 roulettes qui facilitent les d\u00e9placements et qui se fixe au balai pour un rangement pratique<\/li>\n<li>Bouteilles pulv\u00e9risatrices \u00e0 g\u00e2chette, pratique pour remplir avec les solutions de nettoyage de RMP optionnelles<\/li>\n<li>Gants en nitrile r\u00e9sistant aux produits chimiques id\u00e9al pour une utilisation avec des produits de nettoyage puissants<\/li>\n<li>Gants jetables sans poudre ni latex en nitrile de premi\u00e8re qualit\u00e9 \u00e0 100%, pratique pour le nettoyage l\u00e9ger<\/li>\n<li>Comprend: Un chariot d&#8217;entretien, une enseigne de plancher humide, un seau et essoreuse pour vadrouille, un balai et porte-poussi\u00e8re, deux bouteilles \u00e0 vaporisateur \u00e0 g\u00e2chette, une bo\u00eete de gants jetables en nitrile sans poudre taille grand et une paire de gants en nitrile \u00e0 doublure ouat\u00e9e \u00e9paisseur 15 mils taille grand<br \/>\n&#8212;&#8212;&#8212;&#8212;&#8212;&#8212;&#8212;&#8212;&#8212;&#8212;&#8212;&#8212;&#8212;&#8212;&#8212;&#8212;&#8212;&#8212;&#8212;&#8212;&#8212;&#8212;&#8212;&#8212;&#8212;&#8212;&#8212;&#8212;&#8212;&#8212;&#8212;&#8212;&#8212;&#8212;&#8212;&#8212;&#8212;&#8212;&#8212;&#8212;&#8212;&#8212;&#8212;&#8211;<\/p>\n<div class=\"detail-accordian-header\">\n<h3>Description &#8211; Free Shipping<\/h3>\n<\/div>\n<div id=\"product-tab-desc\" class=\"details-accordian-body\">\n<ul>\n<li>Janitorial cart has ample storage capacity for all cleaning equipment<\/li>\n<li>Janitorial cart has swivel casters in front and 8&#8243; rear wheels that allow for easy use<\/li>\n<li>Mop bucket and wringer setup reduces splashing for a safer and cleaner work environment<\/li>\n<li>Bilingual safety wet floor sign is 24&#8243; H x 12&#8243; W, free-standing, bright yellow for visibility and made of durable polypropylene<\/li>\n<li>Dust pan has wheels for easy maneuverability and connects to broom for convenient storage<\/li>\n<li>Trigger spray bottles are reusable and convenient for filling with optional RMP cleaning solution products<\/li>\n<li>Chemical-resistant nitrile gloves are ideal for use with strong cleaning products<\/li>\n<li>Powder-free, 100% premium nitrile disposable gloves are latex-free and convenient for general light cleaning<\/li>\n<li>Includes: Janitorial cart (qty. 1), wet floor sign (qty. 1), mop bucket and wringer (qty. 1), broom and dustpan (qty. 1), trigger sprayer and bottle (qty. 2), size large p.f. nitrile disposable glove box (qty. 1), and size large 15 mil thick. nitrile flock-lined glove (qty. 1)<\/li>\n<\/ul>\n<\/div>\n<\/li>\n<\/ul>\n<\/div>\n","protected":false},"featured_media":14653,"comment_status":"open","ping_status":"closed","template":"","meta":{"_acf_changed":false},"product_brand":[],"product_cat":[272],"product_tag":[],"class_list":{"0":"post-14652","1":"product","2":"type-product","3":"status-publish","4":"has-post-thumbnail","6":"product_cat-janitorial-concierge","7":"product_shipping_class-free-shipping","9":"first","10":"instock","11":"sale","12":"taxable","13":"shipping-taxable","14":"purchasable","15":"product-type-simple"},"acf":[],"jetpack-related-posts":[],"jetpack_sharing_enabled":true,"_links":{"self":[{"href":"https:\/\/sweetdeal.ca\/fr\/wp-json\/wp\/v2\/product\/14652","targetHints":{"allow":["GET"]}}],"collection":[{"href":"https:\/\/sweetdeal.ca\/fr\/wp-json\/wp\/v2\/product"}],"about":[{"href":"https:\/\/sweetdeal.ca\/fr\/wp-json\/wp\/v2\/types\/product"}],"replies":[{"embeddable":true,"href":"https:\/\/sweetdeal.ca\/fr\/wp-json\/wp\/v2\/comments?post=14652"}],"wp:featuredmedia":[{"embeddable":true,"href":"https:\/\/sweetdeal.ca\/fr\/wp-json\/wp\/v2\/media\/14653"}],"wp:attachment":[{"href":"https:\/\/sweetdeal.ca\/fr\/wp-json\/wp\/v2\/media?parent=14652"}],"wp:term":[{"taxonomy":"product_brand","embeddable":true,"href":"https:\/\/sweetdeal.ca\/fr\/wp-json\/wp\/v2\/product_brand?post=14652"},{"taxonomy":"product_cat","embeddable":true,"href":"https:\/\/sweetdeal.ca\/fr\/wp-json\/wp\/v2\/product_cat?post=14652"},{"taxonomy":"product_tag","embeddable":true,"href":"https:\/\/sweetdeal.ca\/fr\/wp-json\/wp\/v2\/product_tag?post=14652"}],"curies":[{"name":"wp","href":"https:\/\/api.w.org\/{rel}","templated":true}]}}