{"id":14645,"date":"2022-06-18T14:18:22","date_gmt":"2022-06-18T19:18:22","guid":{"rendered":"https:\/\/sweetdeal.ca\/?post_type=product&#038;p=14645"},"modified":"2022-06-18T14:19:22","modified_gmt":"2022-06-18T19:19:22","slug":"kleton-shelf-carts-2-tiers-24-w-x-36-h-x-36-d-900-lbs-capacity-la-couleur-la-taille-ou-le-style-presente-dans-certaines-images-peut-differer-de-la-description-veuillez-bien-verifier-l","status":"publish","type":"product","link":"https:\/\/sweetdeal.ca\/fr\/produit\/kleton-shelf-carts-2-tiers-24-w-x-36-h-x-36-d-900-lbs-capacity-la-couleur-la-taille-ou-le-style-presente-dans-certaines-images-peut-differer-de-la-description-veuillez-bien-verifier-l\/","title":{"rendered":"KLETON &#8211; Shelf Carts , 2 Tiers, 24&#8243; W x 36&#8243; H x 36&#8243; D, 900 lbs. Capacity &#8211; La couleur, la taille ou le style pr\u00e9sent\u00e9 dans certaines images peut diff\u00e9rer de la description. Veuillez bien v\u00e9rifier la description du produit avant de passer votre commande.- Chariots \u00e0 tablette, 2 Tiers, 24&#8243; la x 36&#8243; h x 36&#8243; p, Capacit\u00e9 900 lb"},"content":{"rendered":"<p><img data-recalc-dims=\"1\" loading=\"lazy\" decoding=\"async\" class=\"alignnone size-medium wp-image-14646\" src=\"https:\/\/i0.wp.com\/sweetdeal.ca\/wp-content\/uploads\/2022\/06\/mb482.webp?resize=180%2C180&#038;ssl=1\" alt=\"\" width=\"180\" height=\"180\" srcset=\"https:\/\/i0.wp.com\/sweetdeal.ca\/wp-content\/uploads\/2022\/06\/mb482.webp?resize=180%2C180&amp;ssl=1 180w, https:\/\/i0.wp.com\/sweetdeal.ca\/wp-content\/uploads\/2022\/06\/mb482.webp?resize=1024%2C1024&amp;ssl=1 1024w, https:\/\/i0.wp.com\/sweetdeal.ca\/wp-content\/uploads\/2022\/06\/mb482.webp?resize=100%2C100&amp;ssl=1 100w, https:\/\/i0.wp.com\/sweetdeal.ca\/wp-content\/uploads\/2022\/06\/mb482.webp?resize=768%2C768&amp;ssl=1 768w, https:\/\/i0.wp.com\/sweetdeal.ca\/wp-content\/uploads\/2022\/06\/mb482.webp?resize=1536%2C1536&amp;ssl=1 1536w, https:\/\/i0.wp.com\/sweetdeal.ca\/wp-content\/uploads\/2022\/06\/mb482.webp?resize=600%2C600&amp;ssl=1 600w, https:\/\/i0.wp.com\/sweetdeal.ca\/wp-content\/uploads\/2022\/06\/mb482.webp?w=2000&amp;ssl=1 2000w\" sizes=\"auto, (max-width: 180px) 100vw, 180px\" \/><\/p>\n","protected":false},"excerpt":{"rendered":"<div class=\"detail-accordian-header\">\n<h3>Description Livraison Gratuite<\/h3>\n<\/div>\n<div id=\"product-tab-desc\" class=\"details-accordian-body\">\n<ul>\n<li>Tablettes en acier calibre 16 avec bordure de 2 1\/2&#8243; de hauteur<\/li>\n<li>Montants 1 1\/2&#8243; x 1 1\/2&#8243;, profil\u00e9s en t\u00f4le pli\u00e9e calibre 12<\/li>\n<li>Poign\u00e9e en acier tubulaire de 1 1\/4&#8243; de diam\u00e8tre<\/li>\n<li>Tablette sup\u00e9rieure et interm\u00e9diaire pouvant \u00eatre install\u00e9es avec le rebord vers le haut ou vers le bas<\/li>\n<li>Roulettes boulonn\u00e9es, deux fixes et deux pivotantes<\/li>\n<li>Facile \u00e0 assembler, exp\u00e9di\u00e9s d\u00e9mont\u00e9s<\/li>\n<li>Fini \u00e0 rev\u00eatement en poudre durable bleu Kleton<\/li>\n<li>Roulettes en polyol\u00e9fine 5&#8243;<\/li>\n<li>La capacit\u00e9 est d\u00e9termin\u00e9e en fonction d&#8217;un poids distribu\u00e9 \u00e9galement<br \/>\n&#8212;&#8212;&#8212;&#8212;&#8212;&#8212;&#8212;&#8212;&#8212;&#8212;&#8212;&#8212;&#8212;&#8212;&#8212;&#8212;&#8212;&#8212;&#8212;&#8212;&#8212;&#8212;&#8212;&#8212;&#8212;&#8212;&#8211;<\/p>\n<div class=\"detail-accordian-header\">\n<h3>Description &#8211; Free Shipping<\/h3>\n<\/div>\n<div id=\"product-tab-desc\" class=\"details-accordian-body\">\n<ul>\n<li>16-gauge steel shelves with 2 1\/2&#8243; high lip<\/li>\n<li>1 1\/2&#8243; x 1 1\/2&#8243; x 12-gauge formed steel posts<\/li>\n<li>1 1\/4&#8243; diameter tubular steel handle<\/li>\n<li>Top and middle shelves can be installed lip up or down<\/li>\n<li>Two rigid and two swivel bolted-on casters<\/li>\n<li>Easy-to-assemble shipped knocked-down design<\/li>\n<li>Durable Kleton blue powder coat finish<\/li>\n<li>5&#8243; Polyolefin casters<\/li>\n<li>Capacity is based on evenly distributed weight<\/li>\n<\/ul>\n<\/div>\n<\/li>\n<\/ul>\n<\/div>\n","protected":false},"featured_media":14646,"comment_status":"open","ping_status":"closed","template":"","meta":{"_acf_changed":false},"product_brand":[],"product_cat":[153,271],"product_tag":[],"class_list":{"0":"post-14645","1":"product","2":"type-product","3":"status-publish","4":"has-post-thumbnail","6":"product_cat-book-carts","7":"product_cat-shelf-carts","8":"product_shipping_class-free-shipping","10":"first","11":"instock","12":"sale","13":"taxable","14":"shipping-taxable","15":"purchasable","16":"product-type-simple"},"acf":[],"jetpack-related-posts":[],"jetpack_sharing_enabled":true,"_links":{"self":[{"href":"https:\/\/sweetdeal.ca\/fr\/wp-json\/wp\/v2\/product\/14645","targetHints":{"allow":["GET"]}}],"collection":[{"href":"https:\/\/sweetdeal.ca\/fr\/wp-json\/wp\/v2\/product"}],"about":[{"href":"https:\/\/sweetdeal.ca\/fr\/wp-json\/wp\/v2\/types\/product"}],"replies":[{"embeddable":true,"href":"https:\/\/sweetdeal.ca\/fr\/wp-json\/wp\/v2\/comments?post=14645"}],"wp:featuredmedia":[{"embeddable":true,"href":"https:\/\/sweetdeal.ca\/fr\/wp-json\/wp\/v2\/media\/14646"}],"wp:attachment":[{"href":"https:\/\/sweetdeal.ca\/fr\/wp-json\/wp\/v2\/media?parent=14645"}],"wp:term":[{"taxonomy":"product_brand","embeddable":true,"href":"https:\/\/sweetdeal.ca\/fr\/wp-json\/wp\/v2\/product_brand?post=14645"},{"taxonomy":"product_cat","embeddable":true,"href":"https:\/\/sweetdeal.ca\/fr\/wp-json\/wp\/v2\/product_cat?post=14645"},{"taxonomy":"product_tag","embeddable":true,"href":"https:\/\/sweetdeal.ca\/fr\/wp-json\/wp\/v2\/product_tag?post=14645"}],"curies":[{"name":"wp","href":"https:\/\/api.w.org\/{rel}","templated":true}]}}