{"id":14593,"date":"2022-04-05T09:17:55","date_gmt":"2022-04-05T14:17:55","guid":{"rendered":"https:\/\/sweetdeal.ca\/shop\/non%20class\u00e9\/bugatti-nashville-3-pcs-set-navy-ensemble-3-mcx-navy-copy\/"},"modified":"2022-04-08T18:26:02","modified_gmt":"2022-04-08T23:26:02","slug":"bugatti-nashville-3-pcs-set-navy-ensemble-3-mcx-navy-copy","status":"publish","type":"product","link":"https:\/\/sweetdeal.ca\/fr\/produit\/bugatti-nashville-3-pcs-set-navy-ensemble-3-mcx-navy-copy\/","title":{"rendered":"BUGATTI &#8211; NASHVILLE &#8211; 3 PCS SET NAVY- Ensemble 3 MCX NAVY (Copy)"},"content":{"rendered":"<p><img data-recalc-dims=\"1\" loading=\"lazy\" decoding=\"async\" data-attachment-id=\"14585\" data-permalink=\"https:\/\/sweetdeal.ca\/fr\/?attachment_id=14585\" data-orig-file=\"https:\/\/i0.wp.com\/sweetdeal.ca\/wp-content\/uploads\/2022\/03\/bugatti-nashville-hlg3903bu-navy-set-v2-1-scaled.jpg?fit=2560%2C2560&amp;ssl=1\" data-orig-size=\"2560,2560\" data-comments-opened=\"1\" data-image-meta=\"{&quot;aperture&quot;:&quot;0&quot;,&quot;credit&quot;:&quot;&quot;,&quot;camera&quot;:&quot;&quot;,&quot;caption&quot;:&quot;&quot;,&quot;created_timestamp&quot;:&quot;0&quot;,&quot;copyright&quot;:&quot;&quot;,&quot;focal_length&quot;:&quot;0&quot;,&quot;iso&quot;:&quot;0&quot;,&quot;shutter_speed&quot;:&quot;0&quot;,&quot;title&quot;:&quot;&quot;,&quot;orientation&quot;:&quot;0&quot;}\" data-image-title=\"bugatti-nashville-hlg3903bu-navy-set-v2-1\" data-image-description=\"\" data-image-caption=\"\" data-large-file=\"https:\/\/i0.wp.com\/sweetdeal.ca\/wp-content\/uploads\/2022\/03\/bugatti-nashville-hlg3903bu-navy-set-v2-1-scaled.jpg?fit=1024%2C1024&amp;ssl=1\" class=\"alignnone size-medium wp-image-14585\" src=\"https:\/\/i0.wp.com\/sweetdeal.ca\/wp-content\/uploads\/2022\/03\/bugatti-nashville-hlg3903bu-navy-set-v2-1.jpg?resize=180%2C180&#038;ssl=1\" alt=\"\" width=\"180\" height=\"180\" srcset=\"https:\/\/i0.wp.com\/sweetdeal.ca\/wp-content\/uploads\/2022\/03\/bugatti-nashville-hlg3903bu-navy-set-v2-1-scaled.jpg?resize=180%2C180&amp;ssl=1 180w, https:\/\/i0.wp.com\/sweetdeal.ca\/wp-content\/uploads\/2022\/03\/bugatti-nashville-hlg3903bu-navy-set-v2-1-scaled.jpg?resize=1024%2C1024&amp;ssl=1 1024w, https:\/\/i0.wp.com\/sweetdeal.ca\/wp-content\/uploads\/2022\/03\/bugatti-nashville-hlg3903bu-navy-set-v2-1-scaled.jpg?resize=100%2C100&amp;ssl=1 100w, https:\/\/i0.wp.com\/sweetdeal.ca\/wp-content\/uploads\/2022\/03\/bugatti-nashville-hlg3903bu-navy-set-v2-1-scaled.jpg?resize=768%2C768&amp;ssl=1 768w, https:\/\/i0.wp.com\/sweetdeal.ca\/wp-content\/uploads\/2022\/03\/bugatti-nashville-hlg3903bu-navy-set-v2-1-scaled.jpg?resize=1536%2C1536&amp;ssl=1 1536w, https:\/\/i0.wp.com\/sweetdeal.ca\/wp-content\/uploads\/2022\/03\/bugatti-nashville-hlg3903bu-navy-set-v2-1-scaled.jpg?resize=2048%2C2048&amp;ssl=1 2048w, https:\/\/i0.wp.com\/sweetdeal.ca\/wp-content\/uploads\/2022\/03\/bugatti-nashville-hlg3903bu-navy-set-v2-1-scaled.jpg?resize=600%2C600&amp;ssl=1 600w, https:\/\/i0.wp.com\/sweetdeal.ca\/wp-content\/uploads\/2022\/03\/bugatti-nashville-hlg3903bu-navy-set-v2-1-scaled.jpg?w=2340&amp;ssl=1 2340w\" sizes=\"auto, (max-width: 180px) 100vw, 180px\" \/><\/p>\n","protected":false},"excerpt":{"rendered":"<p><strong>BUGATTI &#8211; NASHVILLE &#8211; Ensemble 3 MCX NAVY\u00a0<\/strong><br \/>\nCoque rigide, l\u00e9g\u00e8re et r\u00e9sistante en polycarbonate recycl\u00e9<br \/>\nRoues multidirectionnelles doubles (8 roues) &#8211; 360\u00b0<br \/>\n&#8212;&#8212;&#8212;&#8212;&#8212;&#8212;&#8212;&#8212;&#8212;&#8212;&#8212;&#8212;&#8212;&#8212;&#8212;&#8212;&#8212;&#8212;&#8212;&#8212;&#8212;&#8212;-<br \/>\n<strong>BUGATTI &#8211; NASHVILLE &#8211; 3 PCS SET NAVY<\/strong><\/p>\n<p>Made of lightweight and resistant recycled PET<br \/>\nDouble 360-degree spinner wheels (8 wheels)<\/p>\n","protected":false},"featured_media":14585,"comment_status":"open","ping_status":"closed","template":"","meta":{"_acf_changed":false},"product_brand":[],"product_cat":[204],"product_tag":[],"class_list":{"0":"post-14593","1":"product","2":"type-product","3":"status-publish","4":"has-post-thumbnail","6":"product_cat-ensembles-de-valises","7":"product_shipping_class-livraison-gratuites","9":"first","10":"outofstock","11":"sale","12":"taxable","13":"shipping-taxable","14":"purchasable","15":"product-type-simple"},"acf":[],"jetpack-related-posts":[],"jetpack_sharing_enabled":true,"_links":{"self":[{"href":"https:\/\/sweetdeal.ca\/fr\/wp-json\/wp\/v2\/product\/14593","targetHints":{"allow":["GET"]}}],"collection":[{"href":"https:\/\/sweetdeal.ca\/fr\/wp-json\/wp\/v2\/product"}],"about":[{"href":"https:\/\/sweetdeal.ca\/fr\/wp-json\/wp\/v2\/types\/product"}],"replies":[{"embeddable":true,"href":"https:\/\/sweetdeal.ca\/fr\/wp-json\/wp\/v2\/comments?post=14593"}],"wp:featuredmedia":[{"embeddable":true,"href":"https:\/\/sweetdeal.ca\/fr\/wp-json\/wp\/v2\/media\/14585"}],"wp:attachment":[{"href":"https:\/\/sweetdeal.ca\/fr\/wp-json\/wp\/v2\/media?parent=14593"}],"wp:term":[{"taxonomy":"product_brand","embeddable":true,"href":"https:\/\/sweetdeal.ca\/fr\/wp-json\/wp\/v2\/product_brand?post=14593"},{"taxonomy":"product_cat","embeddable":true,"href":"https:\/\/sweetdeal.ca\/fr\/wp-json\/wp\/v2\/product_cat?post=14593"},{"taxonomy":"product_tag","embeddable":true,"href":"https:\/\/sweetdeal.ca\/fr\/wp-json\/wp\/v2\/product_tag?post=14593"}],"curies":[{"name":"wp","href":"https:\/\/api.w.org\/{rel}","templated":true}]}}