{"id":14417,"date":"2021-12-25T16:09:36","date_gmt":"2021-12-25T21:09:36","guid":{"rendered":"https:\/\/sweetdeal.ca\/?post_type=product&#038;p=14417"},"modified":"2022-02-04T21:53:30","modified_gmt":"2022-02-05T02:53:30","slug":"rolling-stones-evolution-backpack-100-nylon-ultra-resistant-noir","status":"publish","type":"product","link":"https:\/\/sweetdeal.ca\/fr\/produit\/rolling-stones-evolution-backpack-100-nylon-ultra-resistant-noir\/","title":{"rendered":"ROLLING STONES &#8211; EVOLUTION &#8211; BACKPACK &#8211; 100% nylon ultra-r\u00e9sistant-NOIR"},"content":{"rendered":"<p><img data-recalc-dims=\"1\" loading=\"lazy\" decoding=\"async\" data-attachment-id=\"14413\" data-permalink=\"https:\/\/sweetdeal.ca\/fr\/?attachment_id=14413\" data-orig-file=\"https:\/\/i0.wp.com\/sweetdeal.ca\/wp-content\/uploads\/2021\/12\/BKP6013RS-BLK_1.jpg?fit=693%2C788&amp;ssl=1\" data-orig-size=\"693,788\" data-comments-opened=\"1\" data-image-meta=\"{&quot;aperture&quot;:&quot;0&quot;,&quot;credit&quot;:&quot;Alexd&quot;,&quot;camera&quot;:&quot;&quot;,&quot;caption&quot;:&quot;&quot;,&quot;created_timestamp&quot;:&quot;1640448067&quot;,&quot;copyright&quot;:&quot;&quot;,&quot;focal_length&quot;:&quot;0&quot;,&quot;iso&quot;:&quot;0&quot;,&quot;shutter_speed&quot;:&quot;0&quot;,&quot;title&quot;:&quot;&quot;,&quot;orientation&quot;:&quot;0&quot;}\" data-image-title=\"ROLLING STONES &amp;#8211; EVOLUTION &amp;#8211; BACKPACK &amp;#8211; 100% nylon ultra-r\u00e9sistant-NOIR\" data-image-description=\"\" data-image-caption=\"\" data-large-file=\"https:\/\/i0.wp.com\/sweetdeal.ca\/wp-content\/uploads\/2021\/12\/BKP6013RS-BLK_1.jpg?fit=693%2C788&amp;ssl=1\" class=\"alignnone size-medium wp-image-14413\" src=\"https:\/\/i0.wp.com\/sweetdeal.ca\/wp-content\/uploads\/2021\/12\/BKP6013RS-BLK_1.jpg?resize=158%2C180&#038;ssl=1\" alt=\"\" width=\"158\" height=\"180\" data-mce-src=\"https:\/\/sweetdeal.ca\/wp-content\/uploads\/2021\/12\/BKP6013RS-BLK_1-158x180.jpg\" srcset=\"https:\/\/i0.wp.com\/sweetdeal.ca\/wp-content\/uploads\/2021\/12\/BKP6013RS-BLK_1.jpg?resize=158%2C180&amp;ssl=1 158w, https:\/\/i0.wp.com\/sweetdeal.ca\/wp-content\/uploads\/2021\/12\/BKP6013RS-BLK_1.jpg?resize=600%2C682&amp;ssl=1 600w, https:\/\/i0.wp.com\/sweetdeal.ca\/wp-content\/uploads\/2021\/12\/BKP6013RS-BLK_1.jpg?w=693&amp;ssl=1 693w\" sizes=\"auto, (max-width: 158px) 100vw, 158px\" \/><\/p>\n","protected":false},"excerpt":{"rendered":"<p><strong>Sac \u00e0 dos en nylon, Couleur de motif&nbsp; &#8220;NOIR&#8221; l\u00e9ger et ultra-r\u00e9sistant<\/strong><br \/><strong>L\u2019article id\u00e9al pour vous accompagner dans vos d\u00e9placements au quotidien<\/strong><br \/><strong>Fermetures \u00e0 glissi\u00e8re bicolores avec languettes THE ROLLING STONES en m\u00e9tal<\/strong><br \/>&#8212;&#8212;&#8212;&#8212;&#8212;&#8212;&#8212;&#8212;&#8212;&#8212;&#8212;&#8212;&#8212;&#8212;&#8212;&#8212;&#8212;&#8212;&#8212;&#8212;&#8212;&#8212;&#8212;&#8212;&#8212;&#8212;&#8212;&#8212;&#8212;&#8212;&#8212;<\/p>\n","protected":false},"featured_media":14413,"comment_status":"open","ping_status":"closed","template":"","meta":{"_acf_changed":false},"product_brand":[],"product_cat":[175],"product_tag":[],"class_list":{"0":"post-14417","1":"product","2":"type-product","3":"status-publish","4":"has-post-thumbnail","6":"product_cat-sac-a-dos-fr","7":"product_shipping_class-livraison-gratuites","9":"first","10":"instock","11":"taxable","12":"shipping-taxable","13":"purchasable","14":"product-type-simple"},"acf":[],"jetpack-related-posts":[],"jetpack_sharing_enabled":true,"_links":{"self":[{"href":"https:\/\/sweetdeal.ca\/fr\/wp-json\/wp\/v2\/product\/14417","targetHints":{"allow":["GET"]}}],"collection":[{"href":"https:\/\/sweetdeal.ca\/fr\/wp-json\/wp\/v2\/product"}],"about":[{"href":"https:\/\/sweetdeal.ca\/fr\/wp-json\/wp\/v2\/types\/product"}],"replies":[{"embeddable":true,"href":"https:\/\/sweetdeal.ca\/fr\/wp-json\/wp\/v2\/comments?post=14417"}],"wp:featuredmedia":[{"embeddable":true,"href":"https:\/\/sweetdeal.ca\/fr\/wp-json\/wp\/v2\/media\/14413"}],"wp:attachment":[{"href":"https:\/\/sweetdeal.ca\/fr\/wp-json\/wp\/v2\/media?parent=14417"}],"wp:term":[{"taxonomy":"product_brand","embeddable":true,"href":"https:\/\/sweetdeal.ca\/fr\/wp-json\/wp\/v2\/product_brand?post=14417"},{"taxonomy":"product_cat","embeddable":true,"href":"https:\/\/sweetdeal.ca\/fr\/wp-json\/wp\/v2\/product_cat?post=14417"},{"taxonomy":"product_tag","embeddable":true,"href":"https:\/\/sweetdeal.ca\/fr\/wp-json\/wp\/v2\/product_tag?post=14417"}],"curies":[{"name":"wp","href":"https:\/\/api.w.org\/{rel}","templated":true}]}}