{"id":14310,"date":"2021-05-31T15:54:14","date_gmt":"2021-05-31T20:54:14","guid":{"rendered":"https:\/\/sweetdeal.ca\/shop\/non%20class\u00e9\/bugatti-reborn-collection-bandouliere-slim\/"},"modified":"2021-05-31T15:58:37","modified_gmt":"2021-05-31T20:58:37","slug":"bugatti-reborn-collection-bandouliere-slim","status":"publish","type":"product","link":"https:\/\/sweetdeal.ca\/fr\/produit\/bugatti-reborn-collection-bandouliere-slim\/","title":{"rendered":"BUGATTI &#8211; REBORN COLLECTION &#8211; BANDOULI\u00c8RE SLIM"},"content":{"rendered":"<p><img data-recalc-dims=\"1\" loading=\"lazy\" decoding=\"async\" class=\"alignnone size-medium wp-image-14296\" src=\"https:\/\/i0.wp.com\/sweetdeal.ca\/wp-content\/uploads\/2021\/05\/CBY2235BU-GREY_Front_01.jpg?resize=175%2C180&#038;ssl=1\" alt=\"\" width=\"175\" height=\"180\" srcset=\"https:\/\/i0.wp.com\/sweetdeal.ca\/wp-content\/uploads\/2021\/05\/CBY2235BU-GREY_Front_01.jpg?resize=175%2C180&amp;ssl=1 175w, https:\/\/i0.wp.com\/sweetdeal.ca\/wp-content\/uploads\/2021\/05\/CBY2235BU-GREY_Front_01.jpg?resize=768%2C792&amp;ssl=1 768w, https:\/\/i0.wp.com\/sweetdeal.ca\/wp-content\/uploads\/2021\/05\/CBY2235BU-GREY_Front_01.jpg?resize=600%2C619&amp;ssl=1 600w, https:\/\/i0.wp.com\/sweetdeal.ca\/wp-content\/uploads\/2021\/05\/CBY2235BU-GREY_Front_01.jpg?w=798&amp;ssl=1 798w\" sizes=\"auto, (max-width: 175px) 100vw, 175px\" \/><\/p>\n","protected":false},"excerpt":{"rendered":"<div class=\"spanSmallDescriptionHeader\">\n<p><img loading=\"lazy\" decoding=\"async\" class=\"alignnone size-medium wp-image-14302\" src=\"https:\/\/sweetdeal.ca\/wp-content\/uploads\/2021\/05\/CBY2235BU-GREY_Flat_View_05-177x180.jpg\" alt=\"\" width=\"177\" height=\"180\" srcset=\"https:\/\/i0.wp.com\/sweetdeal.ca\/wp-content\/uploads\/2021\/05\/CBY2235BU-GREY_Flat_View_05.jpg?resize=177%2C180&amp;ssl=1 177w, https:\/\/i0.wp.com\/sweetdeal.ca\/wp-content\/uploads\/2021\/05\/CBY2235BU-GREY_Flat_View_05.jpg?resize=768%2C782&amp;ssl=1 768w, https:\/\/i0.wp.com\/sweetdeal.ca\/wp-content\/uploads\/2021\/05\/CBY2235BU-GREY_Flat_View_05.jpg?resize=600%2C611&amp;ssl=1 600w, https:\/\/i0.wp.com\/sweetdeal.ca\/wp-content\/uploads\/2021\/05\/CBY2235BU-GREY_Flat_View_05.jpg?w=823&amp;ssl=1 823w\" sizes=\"auto, (max-width: 177px) 100vw, 177px\" \/><\/p>\n<p>Description +<\/p>\n<\/div>\n<div class=\"divSmallDescriptionInner\">Fait \u00e0 100% de polyester recycl\u00e9.<br \/>\nGrande poche avant \u00e0 acc\u00e8s rapide avec fermeture \u00e0 pression magn\u00e9tique.<br \/>\nConception mince pour \u00eatre bien ajust\u00e9e sur tout le corps, en gardant les mains libres.<\/div>\n","protected":false},"featured_media":14297,"comment_status":"open","ping_status":"closed","template":"","meta":{"_acf_changed":false},"product_brand":[],"product_cat":[175],"product_tag":[],"class_list":{"0":"post-14310","1":"product","2":"type-product","3":"status-publish","4":"has-post-thumbnail","6":"product_cat-sac-a-dos-fr","7":"product_shipping_class-prix-fixe-fr","9":"first","10":"instock","11":"sale","12":"taxable","13":"shipping-taxable","14":"purchasable","15":"product-type-simple"},"acf":[],"jetpack-related-posts":[],"jetpack_sharing_enabled":true,"_links":{"self":[{"href":"https:\/\/sweetdeal.ca\/fr\/wp-json\/wp\/v2\/product\/14310","targetHints":{"allow":["GET"]}}],"collection":[{"href":"https:\/\/sweetdeal.ca\/fr\/wp-json\/wp\/v2\/product"}],"about":[{"href":"https:\/\/sweetdeal.ca\/fr\/wp-json\/wp\/v2\/types\/product"}],"replies":[{"embeddable":true,"href":"https:\/\/sweetdeal.ca\/fr\/wp-json\/wp\/v2\/comments?post=14310"}],"wp:featuredmedia":[{"embeddable":true,"href":"https:\/\/sweetdeal.ca\/fr\/wp-json\/wp\/v2\/media\/14297"}],"wp:attachment":[{"href":"https:\/\/sweetdeal.ca\/fr\/wp-json\/wp\/v2\/media?parent=14310"}],"wp:term":[{"taxonomy":"product_brand","embeddable":true,"href":"https:\/\/sweetdeal.ca\/fr\/wp-json\/wp\/v2\/product_brand?post=14310"},{"taxonomy":"product_cat","embeddable":true,"href":"https:\/\/sweetdeal.ca\/fr\/wp-json\/wp\/v2\/product_cat?post=14310"},{"taxonomy":"product_tag","embeddable":true,"href":"https:\/\/sweetdeal.ca\/fr\/wp-json\/wp\/v2\/product_tag?post=14310"}],"curies":[{"name":"wp","href":"https:\/\/api.w.org\/{rel}","templated":true}]}}