{"id":14287,"date":"2021-04-18T23:10:19","date_gmt":"2021-04-19T04:10:19","guid":{"rendered":"https:\/\/sweetdeal.ca\/shop\/non class\u00e9\/sentry-coffret-de-securite-ignifuge-hydrofuge\/"},"modified":"2021-04-18T23:10:19","modified_gmt":"2021-04-19T04:10:19","slug":"sentry-coffret-de-securite-ignifuge-hydrofuge","status":"publish","type":"product","link":"https:\/\/sweetdeal.ca\/fr\/produit\/sentry-coffret-de-securite-ignifuge-hydrofuge\/","title":{"rendered":"SENTRY-Coffret de s\u00e9curit\u00e9 ignifuge \/ hydrofuge"},"content":{"rendered":"<p><img data-recalc-dims=\"1\" loading=\"lazy\" decoding=\"async\" data-attachment-id=\"14278\" data-permalink=\"https:\/\/sweetdeal.ca\/fr\/?attachment_id=14278\" data-orig-file=\"https:\/\/i0.wp.com\/sweetdeal.ca\/wp-content\/uploads\/2021\/04\/1023993_2.jpg?fit=998%2C676&amp;ssl=1\" data-orig-size=\"998,676\" data-comments-opened=\"1\" data-image-meta=\"{&quot;aperture&quot;:&quot;0&quot;,&quot;credit&quot;:&quot;Alexd&quot;,&quot;camera&quot;:&quot;&quot;,&quot;caption&quot;:&quot;&quot;,&quot;created_timestamp&quot;:&quot;0&quot;,&quot;copyright&quot;:&quot;&quot;,&quot;focal_length&quot;:&quot;0&quot;,&quot;iso&quot;:&quot;0&quot;,&quot;shutter_speed&quot;:&quot;0&quot;,&quot;title&quot;:&quot;&quot;,&quot;orientation&quot;:&quot;0&quot;}\" data-image-title=\"1023993_2\" data-image-description=\"\" data-image-caption=\"\" data-large-file=\"https:\/\/i0.wp.com\/sweetdeal.ca\/wp-content\/uploads\/2021\/04\/1023993_2.jpg?fit=998%2C676&amp;ssl=1\" class=\"alignnone size-medium wp-image-14278\" src=\"https:\/\/i0.wp.com\/sweetdeal.ca\/wp-content\/uploads\/2021\/04\/1023993_2.jpg?resize=180%2C122&#038;ssl=1\" alt=\"\" width=\"180\" height=\"122\" srcset=\"https:\/\/i0.wp.com\/sweetdeal.ca\/wp-content\/uploads\/2021\/04\/1023993_2.jpg?resize=180%2C122&amp;ssl=1 180w, https:\/\/i0.wp.com\/sweetdeal.ca\/wp-content\/uploads\/2021\/04\/1023993_2.jpg?resize=768%2C520&amp;ssl=1 768w, https:\/\/i0.wp.com\/sweetdeal.ca\/wp-content\/uploads\/2021\/04\/1023993_2.jpg?resize=600%2C406&amp;ssl=1 600w, https:\/\/i0.wp.com\/sweetdeal.ca\/wp-content\/uploads\/2021\/04\/1023993_2.jpg?w=998&amp;ssl=1 998w\" sizes=\"auto, (max-width: 180px) 100vw, 180px\" \/><\/p>\n","protected":false},"excerpt":{"rendered":"<p>Protection incendie class\u00e9e UL. Protection v\u00e9rifi\u00e9e ETL jusqu&#8217;\u00e0 5 po. hors de l&#8217;eau pendant 24 heures. Double cadran m\u00e9canique et verrouillage des touches. Plateau multi-positions. Protection des m\u00e9dias num\u00e9riques. Trois boulons de verrouillage sous tension de 1 po. Noir. 0,8 pied cube. Int: 12,6 x 11,5 x 9,6 po. H. Ext: 16,3 x 19,3 x 13,7 po. H.<\/p>\n","protected":false},"featured_media":14278,"comment_status":"open","ping_status":"closed","template":"","meta":{"_acf_changed":false},"product_brand":[],"product_cat":[230,231],"product_tag":[],"class_list":{"0":"post-14287","1":"product","2":"type-product","3":"status-publish","4":"has-post-thumbnail","6":"product_cat-coffre-fort-commerciale","7":"product_cat-coffres-fort-residentielle","8":"product_shipping_class-prix-fixe-fr","10":"first","11":"outofstock","12":"sale","13":"taxable","14":"shipping-taxable","15":"purchasable","16":"product-type-simple"},"acf":[],"jetpack-related-posts":[],"jetpack_sharing_enabled":true,"_links":{"self":[{"href":"https:\/\/sweetdeal.ca\/fr\/wp-json\/wp\/v2\/product\/14287","targetHints":{"allow":["GET"]}}],"collection":[{"href":"https:\/\/sweetdeal.ca\/fr\/wp-json\/wp\/v2\/product"}],"about":[{"href":"https:\/\/sweetdeal.ca\/fr\/wp-json\/wp\/v2\/types\/product"}],"replies":[{"embeddable":true,"href":"https:\/\/sweetdeal.ca\/fr\/wp-json\/wp\/v2\/comments?post=14287"}],"wp:featuredmedia":[{"embeddable":true,"href":"https:\/\/sweetdeal.ca\/fr\/wp-json\/wp\/v2\/media\/14278"}],"wp:attachment":[{"href":"https:\/\/sweetdeal.ca\/fr\/wp-json\/wp\/v2\/media?parent=14287"}],"wp:term":[{"taxonomy":"product_brand","embeddable":true,"href":"https:\/\/sweetdeal.ca\/fr\/wp-json\/wp\/v2\/product_brand?post=14287"},{"taxonomy":"product_cat","embeddable":true,"href":"https:\/\/sweetdeal.ca\/fr\/wp-json\/wp\/v2\/product_cat?post=14287"},{"taxonomy":"product_tag","embeddable":true,"href":"https:\/\/sweetdeal.ca\/fr\/wp-json\/wp\/v2\/product_tag?post=14287"}],"curies":[{"name":"wp","href":"https:\/\/api.w.org\/{rel}","templated":true}]}}