{"id":14250,"date":"2021-03-31T20:32:39","date_gmt":"2021-04-01T01:32:39","guid":{"rendered":"https:\/\/sweetdeal.ca\/shop\/non%20class\u00e9\/cuir-colombien-compartiment-principal-a-fermeture-eclair\/"},"modified":"2021-04-12T20:46:36","modified_gmt":"2021-04-13T01:46:36","slug":"sac-dames-cuir-colombien-compartiment-principal-a-fermeture-eclair","status":"publish","type":"product","link":"https:\/\/sweetdeal.ca\/fr\/produit\/sac-dames-cuir-colombien-compartiment-principal-a-fermeture-eclair\/","title":{"rendered":"Bugatti-Sac  pour Dames &#8211; Cuir COLOMBIEN"},"content":{"rendered":"<p><img data-recalc-dims=\"1\" loading=\"lazy\" decoding=\"async\" class=\"alignnone size-medium wp-image-14248\" src=\"https:\/\/i0.wp.com\/sweetdeal.ca\/wp-content\/uploads\/2021\/03\/lbg2152-black-front.jpg?resize=180%2C180&#038;ssl=1\" alt=\"\" width=\"180\" height=\"180\" srcset=\"https:\/\/i0.wp.com\/sweetdeal.ca\/wp-content\/uploads\/2021\/03\/lbg2152-black-front.jpg?resize=180%2C180&amp;ssl=1 180w, https:\/\/i0.wp.com\/sweetdeal.ca\/wp-content\/uploads\/2021\/03\/lbg2152-black-front.jpg?resize=1024%2C1024&amp;ssl=1 1024w, https:\/\/i0.wp.com\/sweetdeal.ca\/wp-content\/uploads\/2021\/03\/lbg2152-black-front.jpg?resize=100%2C100&amp;ssl=1 100w, https:\/\/i0.wp.com\/sweetdeal.ca\/wp-content\/uploads\/2021\/03\/lbg2152-black-front.jpg?resize=768%2C768&amp;ssl=1 768w, https:\/\/i0.wp.com\/sweetdeal.ca\/wp-content\/uploads\/2021\/03\/lbg2152-black-front.jpg?resize=1536%2C1536&amp;ssl=1 1536w, https:\/\/i0.wp.com\/sweetdeal.ca\/wp-content\/uploads\/2021\/03\/lbg2152-black-front.jpg?resize=600%2C600&amp;ssl=1 600w, https:\/\/i0.wp.com\/sweetdeal.ca\/wp-content\/uploads\/2021\/03\/lbg2152-black-front.jpg?w=2000&amp;ssl=1 2000w\" sizes=\"auto, (max-width: 180px) 100vw, 180px\" \/><\/p>\n","protected":false},"excerpt":{"rendered":"<p>Cuir colombien<br \/>\nCompartiment principal \u00e0 fermeture \u00e9clair<br \/>\nPochettes int\u00e9rieures \u00e0 fermeture \u00e9clair et panneau-organisateur<br \/>\nSection rembourr\u00e9e pour l&#8217;ordinateur portable &#8211; jusqu&#8217;\u00e0 14 po<br \/>\nCourroie pour l&#8217;accrochage \u00e0 la poign\u00e9e t\u00e9lescopique d&#8217;une valise<br \/>\nBandouli\u00e8re ajustable et d\u00e9tachable<\/p>\n<p>H: 14 po L: 12 po P: 6 po<\/p>\n","protected":false},"featured_media":14249,"comment_status":"open","ping_status":"closed","template":"","meta":{"_acf_changed":false},"product_brand":[],"product_cat":[198,246],"product_tag":[],"class_list":{"0":"post-14250","1":"product","2":"type-product","3":"status-publish","4":"has-post-thumbnail","6":"product_cat-sac-fourre-tout-pour-femme","7":"product_cat-sacs-pour-femmes-fr","8":"product_shipping_class-livraison-gratuites","10":"first","11":"outofstock","12":"sale","13":"taxable","14":"shipping-taxable","15":"purchasable","16":"product-type-simple"},"acf":[],"jetpack-related-posts":[],"jetpack_sharing_enabled":true,"_links":{"self":[{"href":"https:\/\/sweetdeal.ca\/fr\/wp-json\/wp\/v2\/product\/14250","targetHints":{"allow":["GET"]}}],"collection":[{"href":"https:\/\/sweetdeal.ca\/fr\/wp-json\/wp\/v2\/product"}],"about":[{"href":"https:\/\/sweetdeal.ca\/fr\/wp-json\/wp\/v2\/types\/product"}],"replies":[{"embeddable":true,"href":"https:\/\/sweetdeal.ca\/fr\/wp-json\/wp\/v2\/comments?post=14250"}],"wp:featuredmedia":[{"embeddable":true,"href":"https:\/\/sweetdeal.ca\/fr\/wp-json\/wp\/v2\/media\/14249"}],"wp:attachment":[{"href":"https:\/\/sweetdeal.ca\/fr\/wp-json\/wp\/v2\/media?parent=14250"}],"wp:term":[{"taxonomy":"product_brand","embeddable":true,"href":"https:\/\/sweetdeal.ca\/fr\/wp-json\/wp\/v2\/product_brand?post=14250"},{"taxonomy":"product_cat","embeddable":true,"href":"https:\/\/sweetdeal.ca\/fr\/wp-json\/wp\/v2\/product_cat?post=14250"},{"taxonomy":"product_tag","embeddable":true,"href":"https:\/\/sweetdeal.ca\/fr\/wp-json\/wp\/v2\/product_tag?post=14250"}],"curies":[{"name":"wp","href":"https:\/\/api.w.org\/{rel}","templated":true}]}}