{"id":14234,"date":"2020-04-08T23:21:21","date_gmt":"2020-04-09T04:21:21","guid":{"rendered":"https:\/\/sweetdeal.ca\/shop\/non class\u00e9\/mbm-destroy-it-shredder-oil\/"},"modified":"2020-04-08T23:21:21","modified_gmt":"2020-04-09T04:21:21","slug":"mbm-destroy-it-shredder-oil","status":"publish","type":"product","link":"https:\/\/sweetdeal.ca\/fr\/produit\/mbm-destroy-it-shredder-oil\/","title":{"rendered":"MBM-Destroy-it Shredder Oil"},"content":{"rendered":"","protected":false},"excerpt":{"rendered":"<p>L&#8217;huile de broyage MBM\u00ae est une huile sp\u00e9cialement m\u00e9lang\u00e9e, hautement adh\u00e9rente et non d\u00e9tergente, formul\u00e9e pour \u00eatre utilis\u00e9e dans les broyeurs Destroyit\u00ae.<br \/>\nIl est recommand\u00e9 d&#8217;huiler les roues de broyage toutes les 30 minutes de fonctionnement pour les broyeurs \u00e0 coupe transversale et toutes les heures de fonctionnement pour les mod\u00e8les \u00e0 coupe en bande.<\/p>\n","protected":false},"featured_media":13537,"comment_status":"open","ping_status":"closed","template":"","meta":{"_acf_changed":false},"product_brand":[],"product_cat":[236,238],"product_tag":[],"class_list":{"0":"post-14234","1":"product","2":"type-product","3":"status-publish","4":"has-post-thumbnail","6":"product_cat-dechiqueteuse-fr","7":"product_cat-huile-a-dechiqueteuses","8":"product_shipping_class-prix-fixe-fr","10":"first","11":"instock","12":"sale","13":"taxable","14":"shipping-taxable","15":"purchasable","16":"product-type-simple"},"acf":[],"jetpack-related-posts":[],"jetpack_sharing_enabled":true,"_links":{"self":[{"href":"https:\/\/sweetdeal.ca\/fr\/wp-json\/wp\/v2\/product\/14234","targetHints":{"allow":["GET"]}}],"collection":[{"href":"https:\/\/sweetdeal.ca\/fr\/wp-json\/wp\/v2\/product"}],"about":[{"href":"https:\/\/sweetdeal.ca\/fr\/wp-json\/wp\/v2\/types\/product"}],"replies":[{"embeddable":true,"href":"https:\/\/sweetdeal.ca\/fr\/wp-json\/wp\/v2\/comments?post=14234"}],"wp:featuredmedia":[{"embeddable":true,"href":"https:\/\/sweetdeal.ca\/fr\/wp-json\/wp\/v2\/media\/13537"}],"wp:attachment":[{"href":"https:\/\/sweetdeal.ca\/fr\/wp-json\/wp\/v2\/media?parent=14234"}],"wp:term":[{"taxonomy":"product_brand","embeddable":true,"href":"https:\/\/sweetdeal.ca\/fr\/wp-json\/wp\/v2\/product_brand?post=14234"},{"taxonomy":"product_cat","embeddable":true,"href":"https:\/\/sweetdeal.ca\/fr\/wp-json\/wp\/v2\/product_cat?post=14234"},{"taxonomy":"product_tag","embeddable":true,"href":"https:\/\/sweetdeal.ca\/fr\/wp-json\/wp\/v2\/product_tag?post=14234"}],"curies":[{"name":"wp","href":"https:\/\/api.w.org\/{rel}","templated":true}]}}