{"id":14233,"date":"2020-04-08T23:43:38","date_gmt":"2020-04-09T04:43:38","guid":{"rendered":"https:\/\/sweetdeal.ca\/shop\/non class\u00e9\/mbm-98m-plieuses-a-lettres-manuelle\/"},"modified":"2020-04-08T23:43:38","modified_gmt":"2020-04-09T04:43:38","slug":"mbm-98m-plieuses-a-lettres-manuelle","status":"publish","type":"product","link":"https:\/\/sweetdeal.ca\/fr\/produit\/mbm-98m-plieuses-a-lettres-manuelle\/","title":{"rendered":"MBM &#8211; 98M Plieuses a lettres manuelle"},"content":{"rendered":"","protected":false},"excerpt":{"rendered":"<p>Le 98M est le nouveau mod\u00e8le am\u00e9lior\u00e9 du 93M. Les nouvelles fonctionnalit\u00e9s incluent le mode Test, une plaque de verrouillage pour s\u00e9parer les rouleaux pour les emp\u00eacher de se d\u00e9former, et il n&#8217;est plus n\u00e9cessaire d&#8217;inverser la deuxi\u00e8me plaque de pliage lors d&#8217;un travail de pliage double. Format compact (table d&#8217;alimentation et plateau de sortie repliables pour le stockage). Commande simple par bouton-poussoir. Panneau de commande num\u00e9rique. Compteur programmable avec fonctions batch et total. Graphiques de plaque de pliage \u00e0 code couleur pour une installation rapide et facile. Convoyeur de sortie motoris\u00e9. Extension du bac de sortie pour un empilage soign\u00e9 des feuilles pli\u00e9es. Arr\u00eat automatique lorsque la derni\u00e8re feuille est pli\u00e9e.<\/p>\n","protected":false},"featured_media":13538,"comment_status":"open","ping_status":"closed","template":"","meta":{"_acf_changed":false},"product_brand":[],"product_cat":[236,239],"product_tag":[],"class_list":{"0":"post-14233","1":"product","2":"type-product","3":"status-publish","4":"has-post-thumbnail","6":"product_cat-dechiqueteuse-fr","7":"product_cat-plieuses-a-lettre","9":"first","10":"outofstock","11":"sale","12":"taxable","13":"shipping-taxable","14":"purchasable","15":"product-type-simple"},"acf":[],"jetpack-related-posts":[],"jetpack_sharing_enabled":true,"_links":{"self":[{"href":"https:\/\/sweetdeal.ca\/fr\/wp-json\/wp\/v2\/product\/14233","targetHints":{"allow":["GET"]}}],"collection":[{"href":"https:\/\/sweetdeal.ca\/fr\/wp-json\/wp\/v2\/product"}],"about":[{"href":"https:\/\/sweetdeal.ca\/fr\/wp-json\/wp\/v2\/types\/product"}],"replies":[{"embeddable":true,"href":"https:\/\/sweetdeal.ca\/fr\/wp-json\/wp\/v2\/comments?post=14233"}],"wp:featuredmedia":[{"embeddable":true,"href":"https:\/\/sweetdeal.ca\/fr\/wp-json\/wp\/v2\/media\/13538"}],"wp:attachment":[{"href":"https:\/\/sweetdeal.ca\/fr\/wp-json\/wp\/v2\/media?parent=14233"}],"wp:term":[{"taxonomy":"product_brand","embeddable":true,"href":"https:\/\/sweetdeal.ca\/fr\/wp-json\/wp\/v2\/product_brand?post=14233"},{"taxonomy":"product_cat","embeddable":true,"href":"https:\/\/sweetdeal.ca\/fr\/wp-json\/wp\/v2\/product_cat?post=14233"},{"taxonomy":"product_tag","embeddable":true,"href":"https:\/\/sweetdeal.ca\/fr\/wp-json\/wp\/v2\/product_tag?post=14233"}],"curies":[{"name":"wp","href":"https:\/\/api.w.org\/{rel}","templated":true}]}}