{"id":14232,"date":"2020-04-12T02:08:08","date_gmt":"2020-04-12T07:08:08","guid":{"rendered":"https:\/\/sweetdeal.ca\/shop\/non class\u00e9\/pro-line-ii-progrid-executive-armchair\/"},"modified":"2020-04-12T02:08:08","modified_gmt":"2020-04-12T07:08:08","slug":"pro-line-ii-progrid-executive-armchair","status":"publish","type":"product","link":"https:\/\/sweetdeal.ca\/fr\/produit\/pro-line-ii-progrid-executive-armchair\/","title":{"rendered":"Pro-Line II\u00ae ProGrid\u00ae Fauteuil Ex\u00e9cutif"},"content":{"rendered":"<p><img data-recalc-dims=\"1\" loading=\"lazy\" decoding=\"async\" data-attachment-id=\"13539\" data-permalink=\"https:\/\/sweetdeal.ca\/fr\/?attachment_id=13539\" data-orig-file=\"https:\/\/i0.wp.com\/sweetdeal.ca\/wp-content\/uploads\/2020\/04\/308668-513-92892-30.jpg?fit=900%2C900&amp;ssl=1\" data-orig-size=\"900,900\" data-comments-opened=\"1\" data-image-meta=\"{&quot;aperture&quot;:&quot;0&quot;,&quot;credit&quot;:&quot;&quot;,&quot;camera&quot;:&quot;&quot;,&quot;caption&quot;:&quot;&quot;,&quot;created_timestamp&quot;:&quot;0&quot;,&quot;copyright&quot;:&quot;&quot;,&quot;focal_length&quot;:&quot;0&quot;,&quot;iso&quot;:&quot;0&quot;,&quot;shutter_speed&quot;:&quot;0&quot;,&quot;title&quot;:&quot;&quot;,&quot;orientation&quot;:&quot;0&quot;}\" data-image-title=\"308668 (513-92892-30)\" data-image-description=\"\" data-image-caption=\"\" data-large-file=\"https:\/\/i0.wp.com\/sweetdeal.ca\/wp-content\/uploads\/2020\/04\/308668-513-92892-30.jpg?fit=900%2C900&amp;ssl=1\" class=\"alignnone size-medium wp-image-13539\" src=\"https:\/\/i0.wp.com\/sweetdeal.ca\/wp-content\/uploads\/2020\/04\/308668-513-92892-30.jpg?resize=180%2C180&#038;ssl=1\" alt=\"\" width=\"180\" height=\"180\" srcset=\"https:\/\/i0.wp.com\/sweetdeal.ca\/wp-content\/uploads\/2020\/04\/308668-513-92892-30.jpg?resize=180%2C180&amp;ssl=1 180w, https:\/\/i0.wp.com\/sweetdeal.ca\/wp-content\/uploads\/2020\/04\/308668-513-92892-30.jpg?resize=100%2C100&amp;ssl=1 100w, https:\/\/i0.wp.com\/sweetdeal.ca\/wp-content\/uploads\/2020\/04\/308668-513-92892-30.jpg?resize=768%2C768&amp;ssl=1 768w, https:\/\/i0.wp.com\/sweetdeal.ca\/wp-content\/uploads\/2020\/04\/308668-513-92892-30.jpg?resize=600%2C600&amp;ssl=1 600w, https:\/\/i0.wp.com\/sweetdeal.ca\/wp-content\/uploads\/2020\/04\/308668-513-92892-30.jpg?w=900&amp;ssl=1 900w\" sizes=\"auto, (max-width: 180px) 100vw, 180px\" \/><\/p>\n","protected":false},"excerpt":{"rendered":"<p>Dossier haut. Dos a\u00e9r\u00e9 avec support lombaire int\u00e9gr\u00e9. R\u00e9glage pneumatique de la hauteur du si\u00e8ge. Contr\u00f4les multiples avec si\u00e8ge coulissant et r\u00e9glage de la tension du basculement. Dos \u00e0 hauteur fixe. Accoudoirs recouverts de coussins en PU r\u00e9glables et hauteur et en largeur. Roulettes doubles pour tapis. Noir.<\/p>\n","protected":false},"featured_media":13539,"comment_status":"open","ping_status":"closed","template":"","meta":{"_acf_changed":false},"product_brand":[],"product_cat":[233],"product_tag":[],"class_list":{"0":"post-14232","1":"product","2":"type-product","3":"status-publish","4":"has-post-thumbnail","6":"product_cat-fauteuils","7":"product_shipping_class-livraison-gratuites","9":"first","10":"instock","11":"taxable","12":"shipping-taxable","13":"purchasable","14":"product-type-simple"},"acf":[],"jetpack-related-posts":[],"jetpack_sharing_enabled":true,"_links":{"self":[{"href":"https:\/\/sweetdeal.ca\/fr\/wp-json\/wp\/v2\/product\/14232","targetHints":{"allow":["GET"]}}],"collection":[{"href":"https:\/\/sweetdeal.ca\/fr\/wp-json\/wp\/v2\/product"}],"about":[{"href":"https:\/\/sweetdeal.ca\/fr\/wp-json\/wp\/v2\/types\/product"}],"replies":[{"embeddable":true,"href":"https:\/\/sweetdeal.ca\/fr\/wp-json\/wp\/v2\/comments?post=14232"}],"wp:featuredmedia":[{"embeddable":true,"href":"https:\/\/sweetdeal.ca\/fr\/wp-json\/wp\/v2\/media\/13539"}],"wp:attachment":[{"href":"https:\/\/sweetdeal.ca\/fr\/wp-json\/wp\/v2\/media?parent=14232"}],"wp:term":[{"taxonomy":"product_brand","embeddable":true,"href":"https:\/\/sweetdeal.ca\/fr\/wp-json\/wp\/v2\/product_brand?post=14232"},{"taxonomy":"product_cat","embeddable":true,"href":"https:\/\/sweetdeal.ca\/fr\/wp-json\/wp\/v2\/product_cat?post=14232"},{"taxonomy":"product_tag","embeddable":true,"href":"https:\/\/sweetdeal.ca\/fr\/wp-json\/wp\/v2\/product_tag?post=14232"}],"curies":[{"name":"wp","href":"https:\/\/api.w.org\/{rel}","templated":true}]}}