{"id":14227,"date":"2020-04-25T01:09:18","date_gmt":"2020-04-25T06:09:18","guid":{"rendered":"https:\/\/sweetdeal.ca\/shop\/non class\u00e9\/bond-street-filtres-a-masques-tac5116bs\/"},"modified":"2023-12-09T11:43:29","modified_gmt":"2023-12-09T16:43:29","slug":"bond-street-filtres-a-masques-tac5116bs","status":"publish","type":"product","link":"https:\/\/sweetdeal.ca\/fr\/produit\/bond-street-filtres-a-masques-tac5116bs\/","title":{"rendered":"BOND STREET &#8211; Filtres a Masques Adultes-TAC5116BS"},"content":{"rendered":"<p>Peut \u00e9galement \u00eatre utilis\u00e9 avec nos masques r\u00e9utilisables Swiss Mobility, Adultes, et BondStreet Enfants<br \/>\nMay also be used with our Swiss Mobility Adult Reusable Masks, and BondStreet Kids Masks<br \/>\n<img data-recalc-dims=\"1\" loading=\"lazy\" decoding=\"async\" class=\"alignnone size-medium wp-image-11557\" src=\"https:\/\/i0.wp.com\/sweetdeal.ca\/wp-content\/uploads\/2020\/04\/TAC5113BS_Kids_Enfants1-Pak_10-Filters_Filtres-1.jpg?resize=164%2C180&#038;ssl=1\" alt=\"\" width=\"164\" height=\"180\" srcset=\"https:\/\/i0.wp.com\/sweetdeal.ca\/wp-content\/uploads\/2020\/04\/TAC5113BS_Kids_Enfants1-Pak_10-Filters_Filtres-1.jpg?resize=164%2C180&amp;ssl=1 164w, https:\/\/i0.wp.com\/sweetdeal.ca\/wp-content\/uploads\/2020\/04\/TAC5113BS_Kids_Enfants1-Pak_10-Filters_Filtres-1.jpg?w=225&amp;ssl=1 225w\" sizes=\"auto, (max-width: 164px) 100vw, 164px\" \/><\/p>\n","protected":false},"excerpt":{"rendered":"<p><span class=\"fontstyle3\"><br \/>\n<strong>\u00a0Commande minimum 10 paquet de 10 filtres $ 7.50 le paquet<br \/>\n<\/strong><br \/>\nPeut \u00e9galement \u00eatre utilis\u00e9 avec nos masques r\u00e9utilisables Swiss Mobility, Adultes, et BondStreet Enfants<br \/>\n<\/span><strong><span class=\"fontstyle0\">ENSEMBLE DE FILTRES <\/span>&#8211; Bond Street<br \/>\n<\/strong><span class=\"fontstyle0\">1 PAQUET = <\/span><span class=\"fontstyle2\">10 filtres<br \/>\n<\/span><span class=\"fontstyle3\">PAQUET (10)&#8230;&#8230;&#8230;&#8230; TAC5116BS<br \/>\n<\/span><span class=\"fontstyle2\">Refer to technical datasheet for detailse r\u00e9f\u00e9rer \u00e0 la fiche technique pour plus de d\u00e9tails<\/span><\/p>\n","protected":false},"featured_media":13598,"comment_status":"open","ping_status":"closed","template":"","meta":{"_acf_changed":false},"product_brand":[],"product_cat":[205,207],"product_tag":[259],"class_list":{"0":"post-14227","1":"product","2":"type-product","3":"status-publish","4":"has-post-thumbnail","6":"product_cat-masques","7":"product_cat-filtres-a-masques-mask-filters-fr","8":"product_tag-filtres-filters-fr","10":"first","11":"outofstock","12":"sale","13":"taxable","14":"shipping-taxable","15":"purchasable","16":"product-type-simple"},"acf":[],"jetpack-related-posts":[],"jetpack_sharing_enabled":true,"_links":{"self":[{"href":"https:\/\/sweetdeal.ca\/fr\/wp-json\/wp\/v2\/product\/14227","targetHints":{"allow":["GET"]}}],"collection":[{"href":"https:\/\/sweetdeal.ca\/fr\/wp-json\/wp\/v2\/product"}],"about":[{"href":"https:\/\/sweetdeal.ca\/fr\/wp-json\/wp\/v2\/types\/product"}],"replies":[{"embeddable":true,"href":"https:\/\/sweetdeal.ca\/fr\/wp-json\/wp\/v2\/comments?post=14227"}],"wp:featuredmedia":[{"embeddable":true,"href":"https:\/\/sweetdeal.ca\/fr\/wp-json\/wp\/v2\/media\/13598"}],"wp:attachment":[{"href":"https:\/\/sweetdeal.ca\/fr\/wp-json\/wp\/v2\/media?parent=14227"}],"wp:term":[{"taxonomy":"product_brand","embeddable":true,"href":"https:\/\/sweetdeal.ca\/fr\/wp-json\/wp\/v2\/product_brand?post=14227"},{"taxonomy":"product_cat","embeddable":true,"href":"https:\/\/sweetdeal.ca\/fr\/wp-json\/wp\/v2\/product_cat?post=14227"},{"taxonomy":"product_tag","embeddable":true,"href":"https:\/\/sweetdeal.ca\/fr\/wp-json\/wp\/v2\/product_tag?post=14227"}],"curies":[{"name":"wp","href":"https:\/\/api.w.org\/{rel}","templated":true}]}}