{"id":14226,"date":"2020-04-25T01:17:19","date_gmt":"2020-04-25T06:17:19","guid":{"rendered":"https:\/\/sweetdeal.ca\/shop\/non class\u00e9\/bond-street-enfants-filtres-a-masques-tac5113bs\/"},"modified":"2020-04-25T01:17:19","modified_gmt":"2020-04-25T06:17:19","slug":"bond-street-enfants-filtres-a-masques-tac5113bs","status":"publish","type":"product","link":"https:\/\/sweetdeal.ca\/fr\/produit\/bond-street-enfants-filtres-a-masques-tac5113bs\/","title":{"rendered":"BOND STREET ENFANTS &#8211;  Filtres a Masques-TAC5113BS"},"content":{"rendered":"<p><strong>Commande minimum 10 paquets de 10 filtres 7.50 chq.<\/strong><\/p>\n<p>Peut \u00e9galement \u00eatre utilis\u00e9 avec nos masques r\u00e9utilisables Swiss Mobility, Adultes<br \/>\nMay also be used with our Swiss Mobility Adult Reusable Masks<br \/>\n<img data-recalc-dims=\"1\" loading=\"lazy\" decoding=\"async\" class=\"alignnone size-medium wp-image-11551\" src=\"https:\/\/i0.wp.com\/sweetdeal.ca\/wp-content\/uploads\/2020\/04\/TAC5113BS-Kid-Filters10.jpg?resize=180%2C97&#038;ssl=1\" alt=\"\" width=\"180\" height=\"97\" srcset=\"https:\/\/i0.wp.com\/sweetdeal.ca\/wp-content\/uploads\/2020\/04\/TAC5113BS-Kid-Filters10.jpg?resize=180%2C97&amp;ssl=1 180w, https:\/\/i0.wp.com\/sweetdeal.ca\/wp-content\/uploads\/2020\/04\/TAC5113BS-Kid-Filters10.jpg?w=447&amp;ssl=1 447w\" sizes=\"auto, (max-width: 180px) 100vw, 180px\" \/><\/p>\n","protected":false},"excerpt":{"rendered":"<p><span class=\"fontstyle3\"><strong>Commande minimum 10 Paquets de 10 Filtres $ 7.50 Chaque pacquet<\/strong><br \/>\n<span class=\"fontstyle0\"><strong>Peut \u00e9galement \u00eatre utilis\u00e9 avec nos masques r\u00e9utilisables Swiss Mobility Adultes<\/strong><\/span><br \/>\n<\/span><strong><span class=\"fontstyle0\">ENSEMBLE DE FILTRES <\/span>&#8211; Bond Street<br \/>\n<\/strong><span class=\"fontstyle0\">1 PAQUET = <\/span><span class=\"fontstyle2\">10 filtres<br \/>\n<\/span><span class=\"fontstyle3\">PAQUET (10)&#8230;&#8230;&#8230;&#8230; TAC5113BS<br \/>\n<\/span><span class=\"fontstyle2\">Refer to technical datasheet for detailse r\u00e9f\u00e9rer \u00e0 la fiche technique pour plus de d\u00e9tails<\/span><\/p>\n","protected":false},"featured_media":13598,"comment_status":"open","ping_status":"closed","template":"","meta":{"_acf_changed":false},"product_brand":[],"product_cat":[205,207],"product_tag":[259],"class_list":{"0":"post-14226","1":"product","2":"type-product","3":"status-publish","4":"has-post-thumbnail","6":"product_cat-masques","7":"product_cat-filtres-a-masques-mask-filters-fr","8":"product_tag-filtres-filters-fr","10":"first","11":"instock","12":"sale","13":"taxable","14":"shipping-taxable","15":"purchasable","16":"product-type-simple"},"acf":[],"jetpack-related-posts":[],"jetpack_sharing_enabled":true,"_links":{"self":[{"href":"https:\/\/sweetdeal.ca\/fr\/wp-json\/wp\/v2\/product\/14226","targetHints":{"allow":["GET"]}}],"collection":[{"href":"https:\/\/sweetdeal.ca\/fr\/wp-json\/wp\/v2\/product"}],"about":[{"href":"https:\/\/sweetdeal.ca\/fr\/wp-json\/wp\/v2\/types\/product"}],"replies":[{"embeddable":true,"href":"https:\/\/sweetdeal.ca\/fr\/wp-json\/wp\/v2\/comments?post=14226"}],"wp:featuredmedia":[{"embeddable":true,"href":"https:\/\/sweetdeal.ca\/fr\/wp-json\/wp\/v2\/media\/13598"}],"wp:attachment":[{"href":"https:\/\/sweetdeal.ca\/fr\/wp-json\/wp\/v2\/media?parent=14226"}],"wp:term":[{"taxonomy":"product_brand","embeddable":true,"href":"https:\/\/sweetdeal.ca\/fr\/wp-json\/wp\/v2\/product_brand?post=14226"},{"taxonomy":"product_cat","embeddable":true,"href":"https:\/\/sweetdeal.ca\/fr\/wp-json\/wp\/v2\/product_cat?post=14226"},{"taxonomy":"product_tag","embeddable":true,"href":"https:\/\/sweetdeal.ca\/fr\/wp-json\/wp\/v2\/product_tag?post=14226"}],"curies":[{"name":"wp","href":"https:\/\/api.w.org\/{rel}","templated":true}]}}