{"id":14225,"date":"2020-05-05T20:02:20","date_gmt":"2020-05-06T01:02:20","guid":{"rendered":"https:\/\/sweetdeal.ca\/shop\/non class\u00e9\/visiere_-10-mcx\/"},"modified":"2020-05-05T20:02:20","modified_gmt":"2020-05-06T01:02:20","slug":"visiere_-10-mcx","status":"publish","type":"product","link":"https:\/\/sweetdeal.ca\/fr\/produit\/visiere_-10-mcx\/","title":{"rendered":"Visi\u00e8re_10 Mcx"},"content":{"rendered":"<p><img data-recalc-dims=\"1\" loading=\"lazy\" decoding=\"async\" class=\"alignnone size-medium wp-image-11570\" src=\"https:\/\/i0.wp.com\/sweetdeal.ca\/wp-content\/uploads\/2020\/05\/Visor_326439_FRA-1.jpg?resize=128%2C180&#038;ssl=1\" alt=\"\" width=\"128\" height=\"180\" srcset=\"https:\/\/i0.wp.com\/sweetdeal.ca\/wp-content\/uploads\/2020\/05\/Visor_326439_FRA-1.jpg?resize=128%2C180&amp;ssl=1 128w, https:\/\/i0.wp.com\/sweetdeal.ca\/wp-content\/uploads\/2020\/05\/Visor_326439_FRA-1.jpg?w=425&amp;ssl=1 425w\" sizes=\"auto, (max-width: 128px) 100vw, 128px\" \/><\/p>\n","protected":false},"excerpt":{"rendered":"<p><strong>Boite de 10 mcx<\/strong><br \/>\n\u00c9cran facial jetable. \u00c9quip\u00e9 d&#8217;un front en mousse et d&#8217;un bandeau \u00e9lastique. Plastique transparent.<br \/>\nMousse et \u00e9lastique sans danger pour le contact avec la peau. Fabriqu\u00e9 sans latex.<br \/>\nCon\u00e7u pour usage unique. Non st\u00e9rile. Grandeur de la visi\u00e8re : 9 x 13 po. Boite de 10.<\/p>\n","protected":false},"featured_media":13616,"comment_status":"open","ping_status":"closed","template":"","meta":{"_acf_changed":false},"product_brand":[],"product_cat":[212],"product_tag":[],"class_list":{"0":"post-14225","1":"product","2":"type-product","3":"status-publish","4":"has-post-thumbnail","6":"product_cat-visiere-visor-fr","8":"first","9":"instock","10":"taxable","11":"shipping-taxable","12":"purchasable","13":"product-type-simple"},"acf":[],"jetpack-related-posts":[],"jetpack_sharing_enabled":true,"_links":{"self":[{"href":"https:\/\/sweetdeal.ca\/fr\/wp-json\/wp\/v2\/product\/14225","targetHints":{"allow":["GET"]}}],"collection":[{"href":"https:\/\/sweetdeal.ca\/fr\/wp-json\/wp\/v2\/product"}],"about":[{"href":"https:\/\/sweetdeal.ca\/fr\/wp-json\/wp\/v2\/types\/product"}],"replies":[{"embeddable":true,"href":"https:\/\/sweetdeal.ca\/fr\/wp-json\/wp\/v2\/comments?post=14225"}],"wp:featuredmedia":[{"embeddable":true,"href":"https:\/\/sweetdeal.ca\/fr\/wp-json\/wp\/v2\/media\/13616"}],"wp:attachment":[{"href":"https:\/\/sweetdeal.ca\/fr\/wp-json\/wp\/v2\/media?parent=14225"}],"wp:term":[{"taxonomy":"product_brand","embeddable":true,"href":"https:\/\/sweetdeal.ca\/fr\/wp-json\/wp\/v2\/product_brand?post=14225"},{"taxonomy":"product_cat","embeddable":true,"href":"https:\/\/sweetdeal.ca\/fr\/wp-json\/wp\/v2\/product_cat?post=14225"},{"taxonomy":"product_tag","embeddable":true,"href":"https:\/\/sweetdeal.ca\/fr\/wp-json\/wp\/v2\/product_tag?post=14225"}],"curies":[{"name":"wp","href":"https:\/\/api.w.org\/{rel}","templated":true}]}}