{"id":14223,"date":"2020-05-12T01:04:05","date_gmt":"2020-05-12T06:04:05","guid":{"rendered":"https:\/\/sweetdeal.ca\/shop\/non class\u00e9\/safco-separateur-sur-pied-de-protection-paq-de-10\/"},"modified":"2020-05-12T01:04:05","modified_gmt":"2020-05-12T06:04:05","slug":"safco-separateur-sur-pied-de-protection-paq-de-10","status":"publish","type":"product","link":"https:\/\/sweetdeal.ca\/fr\/produit\/safco-separateur-sur-pied-de-protection-paq-de-10\/","title":{"rendered":"Safco-Separateur sur pied de Protection-Paq.de 10"},"content":{"rendered":"<p><img data-recalc-dims=\"1\" loading=\"lazy\" decoding=\"async\" class=\"alignnone size-medium wp-image-11588\" src=\"https:\/\/i0.wp.com\/sweetdeal.ca\/wp-content\/uploads\/2020\/05\/7502CL_NoPassthru_FRA.jpg?resize=173%2C180&#038;ssl=1\" alt=\"\" width=\"173\" height=\"180\" srcset=\"https:\/\/i0.wp.com\/sweetdeal.ca\/wp-content\/uploads\/2020\/05\/7502CL_NoPassthru_FRA.jpg?resize=173%2C180&amp;ssl=1 173w, https:\/\/i0.wp.com\/sweetdeal.ca\/wp-content\/uploads\/2020\/05\/7502CL_NoPassthru_FRA.jpg?w=328&amp;ssl=1 328w\" sizes=\"auto, (max-width: 173px) 100vw, 173px\" \/><\/p>\n","protected":false},"excerpt":{"rendered":"<p><strong>Prix de D\u00e9tail: $195.00 chq.-\u00a0 Ensemble de 10 mcx<\/strong><br \/>\n7502CL &#8211; S\u00e9parateur de protection anti-\u00e9ternuement portatif enti\u00e8rement<br \/>\nen acrylique avec passe-documents<br \/>\nLe panneau acrylique transparent cr\u00e9e une barri\u00e8re physique entre les personnes tout en permettant des interactions vocales et visuelles appropri\u00e9es<br \/>\nAide \u00e0 r\u00e9duire l&#8217;exposition aux gouttelettes en suspension dans l&#8217;air et \u00e0 l&#8217;humidit\u00e9 produite par les \u00e9ternuements, la toux et les conversations<br \/>\nLa conception autonome et portable permet un d\u00e9placement et un repositionnement rapides et faciles<br \/>\nLes bords lisses et propres garantissent un aspect professionnel et une manipulation plus s\u00fbre<br \/>\nId\u00e9al pour les petites entreprises, les bureaux et les magasins de d\u00e9tail<br \/>\nParfait pour les postes de r\u00e9ception, les caisses, les guichets, les comptoirs de service et les bureaux personnels<br \/>\n100% acrylique transparent pour un nettoyage et un entretien faciles \u00e0 nettoyer Assemblage simple &#8211; aucun outil requis!<br \/>\nLe s\u00e9parateur contre les \u00e9ternuements mesure: 29.5 &#8220;L x 23.5&#8243; H x 8&#8221; P-\u00a0 \u00a0<strong><br \/>\nPAS de ouverture<\/strong><\/p>\n","protected":false},"featured_media":13625,"comment_status":"open","ping_status":"closed","template":"","meta":{"_acf_changed":false},"product_brand":[],"product_cat":[206],"product_tag":[],"class_list":{"0":"post-14223","1":"product","2":"type-product","3":"status-publish","4":"has-post-thumbnail","6":"product_cat-protecteur-acrylic","8":"first","9":"instock","10":"taxable","11":"shipping-taxable","12":"purchasable","13":"product-type-simple"},"acf":[],"jetpack-related-posts":[],"jetpack_sharing_enabled":true,"_links":{"self":[{"href":"https:\/\/sweetdeal.ca\/fr\/wp-json\/wp\/v2\/product\/14223","targetHints":{"allow":["GET"]}}],"collection":[{"href":"https:\/\/sweetdeal.ca\/fr\/wp-json\/wp\/v2\/product"}],"about":[{"href":"https:\/\/sweetdeal.ca\/fr\/wp-json\/wp\/v2\/types\/product"}],"replies":[{"embeddable":true,"href":"https:\/\/sweetdeal.ca\/fr\/wp-json\/wp\/v2\/comments?post=14223"}],"wp:featuredmedia":[{"embeddable":true,"href":"https:\/\/sweetdeal.ca\/fr\/wp-json\/wp\/v2\/media\/13625"}],"wp:attachment":[{"href":"https:\/\/sweetdeal.ca\/fr\/wp-json\/wp\/v2\/media?parent=14223"}],"wp:term":[{"taxonomy":"product_brand","embeddable":true,"href":"https:\/\/sweetdeal.ca\/fr\/wp-json\/wp\/v2\/product_brand?post=14223"},{"taxonomy":"product_cat","embeddable":true,"href":"https:\/\/sweetdeal.ca\/fr\/wp-json\/wp\/v2\/product_cat?post=14223"},{"taxonomy":"product_tag","embeddable":true,"href":"https:\/\/sweetdeal.ca\/fr\/wp-json\/wp\/v2\/product_tag?post=14223"}],"curies":[{"name":"wp","href":"https:\/\/api.w.org\/{rel}","templated":true}]}}