{"id":14222,"date":"2020-05-12T01:24:00","date_gmt":"2020-05-12T06:24:00","guid":{"rendered":"https:\/\/sweetdeal.ca\/shop\/non class\u00e9\/safco-separateur-de-protection-pack-of-paq-de-8-copy\/"},"modified":"2020-05-12T01:24:00","modified_gmt":"2020-05-12T06:24:00","slug":"safco-separateur-de-protection-pack-of-paq-de-8-copy","status":"publish","type":"product","link":"https:\/\/sweetdeal.ca\/fr\/produit\/safco-separateur-de-protection-pack-of-paq-de-8-copy\/","title":{"rendered":"Safco-Separateur de Protection Pack of\/Paq.de 8 (Copy)"},"content":{"rendered":"<p><img data-recalc-dims=\"1\" loading=\"lazy\" decoding=\"async\" class=\"alignnone size-medium wp-image-11584\" src=\"https:\/\/i0.wp.com\/sweetdeal.ca\/wp-content\/uploads\/2020\/05\/sneeze-guard-0.jpg?resize=161%2C180&#038;ssl=1\" alt=\"\" width=\"161\" height=\"180\" srcset=\"https:\/\/i0.wp.com\/sweetdeal.ca\/wp-content\/uploads\/2020\/05\/sneeze-guard-0.jpg?resize=161%2C180&amp;ssl=1 161w, https:\/\/i0.wp.com\/sweetdeal.ca\/wp-content\/uploads\/2020\/05\/sneeze-guard-0.jpg?w=370&amp;ssl=1 370w\" sizes=\"auto, (max-width: 161px) 100vw, 161px\" \/><\/p>\n","protected":false},"excerpt":{"rendered":"<p><strong>Prix de D\u00e9tail: $250.00 ( Paq. de 8 Separateurs)<\/strong><br \/>\n7500CL &#8211; S\u00e9parateur de protection anti-\u00e9ternuement portatif<br \/>\nenti\u00e8rement en acrylique avec passe-documents Prix de D\u00e9tail: $250.00 ( \u00e0 partir du 4 mai, 2020)<br \/>\nLe panneau acrylique transparent cr\u00e9e une barri\u00e8re physique entre les personnes tout en permettant des interactions vocales et visuelles appropri\u00e9es<br \/>\nAide \u00e0 r\u00e9duire l&#8217;exposition aux gouttelettes en suspension dans l&#8217;air et \u00e0 l&#8217;humidit\u00e9 produite par les \u00e9ternuements, la toux et les conversations<br \/>\nLa conception autonome et portable permet un d\u00e9placement et un repositionnement rapides et faciles<br \/>\nL&#8217;ouverture de passage pratique permet de petits \u00e9changes de documents ou d&#8217;argent<br \/>\nLes bords lisses et propres garantissent un aspect professionnel et une manipulation plus s\u00fbre<br \/>\nId\u00e9al pour les petites entreprises, les banques, les bureaux et les magasins de d\u00e9tail<br \/>\nParfait pour les postes de r\u00e9ception, les caisses, les guichets, les comptoirs de service et les bureaux personnels<br \/>\n100% acrylique transparent pour un nettoyage et un entretien faciles \u00e0 nettoyer Assemblage simple &#8211; aucun outil requis!<br \/>\nLe s\u00e9parateur contre les \u00e9ternuements mesure: 30 &#8220;L x 28&#8243; H x 8&#8221; P\u00a0 <strong>Ouverture mesure 12 &#8220;L x 5&#8221; H<\/strong><\/p>\n","protected":false},"featured_media":13623,"comment_status":"open","ping_status":"closed","template":"","meta":{"_acf_changed":false},"product_brand":[],"product_cat":[206],"product_tag":[],"class_list":{"0":"post-14222","1":"product","2":"type-product","3":"status-publish","4":"has-post-thumbnail","6":"product_cat-protecteur-acrylic","8":"first","9":"instock","10":"taxable","11":"shipping-taxable","12":"purchasable","13":"product-type-simple"},"acf":[],"jetpack-related-posts":[],"jetpack_sharing_enabled":true,"_links":{"self":[{"href":"https:\/\/sweetdeal.ca\/fr\/wp-json\/wp\/v2\/product\/14222","targetHints":{"allow":["GET"]}}],"collection":[{"href":"https:\/\/sweetdeal.ca\/fr\/wp-json\/wp\/v2\/product"}],"about":[{"href":"https:\/\/sweetdeal.ca\/fr\/wp-json\/wp\/v2\/types\/product"}],"replies":[{"embeddable":true,"href":"https:\/\/sweetdeal.ca\/fr\/wp-json\/wp\/v2\/comments?post=14222"}],"wp:featuredmedia":[{"embeddable":true,"href":"https:\/\/sweetdeal.ca\/fr\/wp-json\/wp\/v2\/media\/13623"}],"wp:attachment":[{"href":"https:\/\/sweetdeal.ca\/fr\/wp-json\/wp\/v2\/media?parent=14222"}],"wp:term":[{"taxonomy":"product_brand","embeddable":true,"href":"https:\/\/sweetdeal.ca\/fr\/wp-json\/wp\/v2\/product_brand?post=14222"},{"taxonomy":"product_cat","embeddable":true,"href":"https:\/\/sweetdeal.ca\/fr\/wp-json\/wp\/v2\/product_cat?post=14222"},{"taxonomy":"product_tag","embeddable":true,"href":"https:\/\/sweetdeal.ca\/fr\/wp-json\/wp\/v2\/product_tag?post=14222"}],"curies":[{"name":"wp","href":"https:\/\/api.w.org\/{rel}","templated":true}]}}