{"id":14221,"date":"2020-05-25T01:02:36","date_gmt":"2020-05-25T06:02:36","guid":{"rendered":"https:\/\/sweetdeal.ca\/shop\/non class\u00e9\/safco-meubles-organisateur-gris\/"},"modified":"2020-05-25T01:02:36","modified_gmt":"2020-05-25T06:02:36","slug":"safco-meubles-organisateur-gris","status":"publish","type":"product","link":"https:\/\/sweetdeal.ca\/fr\/produit\/safco-meubles-organisateur-gris\/","title":{"rendered":"Safco-Meubles Organisateur Gris"},"content":{"rendered":"<p><img data-recalc-dims=\"1\" loading=\"lazy\" decoding=\"async\" class=\"alignnone size-medium wp-image-11594\" src=\"https:\/\/i0.wp.com\/sweetdeal.ca\/wp-content\/uploads\/2020\/05\/9423GRAY.jpg?resize=180%2C93&#038;ssl=1\" alt=\"\" width=\"180\" height=\"93\" srcset=\"https:\/\/i0.wp.com\/sweetdeal.ca\/wp-content\/uploads\/2020\/05\/9423GRAY.jpg?resize=180%2C93&amp;ssl=1 180w, https:\/\/i0.wp.com\/sweetdeal.ca\/wp-content\/uploads\/2020\/05\/9423GRAY.jpg?w=317&amp;ssl=1 317w\" sizes=\"auto, (max-width: 180px) 100vw, 180px\" \/><\/p>\n","protected":false},"excerpt":{"rendered":"<p><strong><br \/>\nEnsemble de 10 Unit\u00e9s<br \/>\nL&#8217;organisateur de litt\u00e9rature ajustable<\/strong> en bois de Safco est un organisateur<br \/>\nde stockage de litt\u00e9rature avec des \u00e9tag\u00e8res en panneau dur qui forment <strong>24 compartiments<\/strong><br \/>\n<strong>de format lettre ou reconfigur\u00e9s pour les articles plus gros<\/strong>.<br \/>\nComprend un adaptateur de tige en plastique pour ranger les CD<br \/>\ndans les deux compartiments inf\u00e9rieurs. Dispose d&#8217;une zone de moulage et<br \/>\nd&#8217;\u00e9tiquetage en plastique noir.Organisateur de bureau et stockage de fichiers<br \/>\nBois comprim\u00e9 avec finition stratifi\u00e9e et dos en panneau de fibres de bois massif<br \/>\nLes \u00e9tag\u00e8res en panneaux durs forment des compartiments de format lettre ou sont reconfigur\u00e9es pour les articles plus gros<br \/>\nZone de moulage et d&#8217;\u00e9tiquetage en plastique noir<br \/>\nLes unit\u00e9s de 39 \u00bc &#8220;de large peuvent \u00eatre empil\u00e9es jusqu&#8217;\u00e0 trois compartiments de rangement hauts ou 72<\/p>\n<div>\n<ul>\n<li><\/li>\n<\/ul>\n<\/div>\n","protected":false},"featured_media":13628,"comment_status":"open","ping_status":"closed","template":"","meta":{"_acf_changed":false},"product_brand":[],"product_cat":[170,195],"product_tag":[],"class_list":{"0":"post-14221","1":"product","2":"type-product","3":"status-publish","4":"has-post-thumbnail","6":"product_cat-meubles","7":"product_cat-organisateurs","9":"first","10":"instock","11":"taxable","12":"shipping-taxable","13":"purchasable","14":"product-type-simple"},"acf":[],"jetpack-related-posts":[],"jetpack_sharing_enabled":true,"_links":{"self":[{"href":"https:\/\/sweetdeal.ca\/fr\/wp-json\/wp\/v2\/product\/14221","targetHints":{"allow":["GET"]}}],"collection":[{"href":"https:\/\/sweetdeal.ca\/fr\/wp-json\/wp\/v2\/product"}],"about":[{"href":"https:\/\/sweetdeal.ca\/fr\/wp-json\/wp\/v2\/types\/product"}],"replies":[{"embeddable":true,"href":"https:\/\/sweetdeal.ca\/fr\/wp-json\/wp\/v2\/comments?post=14221"}],"wp:featuredmedia":[{"embeddable":true,"href":"https:\/\/sweetdeal.ca\/fr\/wp-json\/wp\/v2\/media\/13628"}],"wp:attachment":[{"href":"https:\/\/sweetdeal.ca\/fr\/wp-json\/wp\/v2\/media?parent=14221"}],"wp:term":[{"taxonomy":"product_brand","embeddable":true,"href":"https:\/\/sweetdeal.ca\/fr\/wp-json\/wp\/v2\/product_brand?post=14221"},{"taxonomy":"product_cat","embeddable":true,"href":"https:\/\/sweetdeal.ca\/fr\/wp-json\/wp\/v2\/product_cat?post=14221"},{"taxonomy":"product_tag","embeddable":true,"href":"https:\/\/sweetdeal.ca\/fr\/wp-json\/wp\/v2\/product_tag?post=14221"}],"curies":[{"name":"wp","href":"https:\/\/api.w.org\/{rel}","templated":true}]}}