{"id":14220,"date":"2020-05-25T02:15:05","date_gmt":"2020-05-25T07:15:05","guid":{"rendered":"https:\/\/sweetdeal.ca\/shop\/non class\u00e9\/safco-chariots-a-livres-2\/"},"modified":"2020-05-25T02:15:05","modified_gmt":"2020-05-25T07:15:05","slug":"safco-chariots-a-livres-2","status":"publish","type":"product","link":"https:\/\/sweetdeal.ca\/fr\/produit\/safco-chariots-a-livres-2\/","title":{"rendered":"Safco&#8211;Chariot \u00e0 livres"},"content":{"rendered":"<p><img data-recalc-dims=\"1\" loading=\"lazy\" decoding=\"async\" class=\"alignnone size-medium wp-image-11597\" src=\"https:\/\/i0.wp.com\/sweetdeal.ca\/wp-content\/uploads\/2020\/05\/28855_5357SA_FrontAngle.jpg?resize=180%2C180&#038;ssl=1\" alt=\"\" width=\"180\" height=\"180\" srcset=\"https:\/\/i0.wp.com\/sweetdeal.ca\/wp-content\/uploads\/2020\/05\/28855_5357SA_FrontAngle.jpg?resize=180%2C180&amp;ssl=1 180w, https:\/\/i0.wp.com\/sweetdeal.ca\/wp-content\/uploads\/2020\/05\/28855_5357SA_FrontAngle.jpg?resize=100%2C100&amp;ssl=1 100w, https:\/\/i0.wp.com\/sweetdeal.ca\/wp-content\/uploads\/2020\/05\/28855_5357SA_FrontAngle.jpg?w=500&amp;ssl=1 500w\" sizes=\"auto, (max-width: 180px) 100vw, 180px\" \/><\/p>\n","protected":false},"excerpt":{"rendered":"<p><strong>4-Chariot \u00e0 livres double face en acier &#8211; avec 6 tablettes chaque<br \/>\nLe chariot \u00e0 livres en acier \u00e0 double face est un chariot \u00e0 livres en acier beige, 100% soud\u00e9.<br \/>\nLes \u00e9tag\u00e8res lat\u00e9rales doubles offrent trois \u00e9tag\u00e8res par c\u00f4t\u00e9.<br \/>\nLe chariot \u00e0 livres est mobile sur quatre roulettes. Exp\u00e9di\u00e9 enti\u00e8rement assembl\u00e9.<br \/>\nChariot \u00e0 livres Tropic Sand<br \/>\nConception 100% acier<br \/>\nEnti\u00e8rement soud\u00e9<br \/>\nMod\u00e8le \u00e0 trois \u00e9tag\u00e8res double face<br \/>\nMobile sur roulettes<br \/>\nNavires enti\u00e8rement assembl\u00e9s<\/p>\n<p><\/strong><\/p>\n","protected":false},"featured_media":13629,"comment_status":"open","ping_status":"closed","template":"","meta":{"_acf_changed":false},"product_brand":[],"product_cat":[171],"product_tag":[],"class_list":{"0":"post-14220","1":"product","2":"type-product","3":"status-publish","4":"has-post-thumbnail","6":"product_cat-chariots-a-livres","8":"first","9":"instock","10":"taxable","11":"shipping-taxable","12":"purchasable","13":"product-type-simple"},"acf":[],"jetpack-related-posts":[],"jetpack_sharing_enabled":true,"_links":{"self":[{"href":"https:\/\/sweetdeal.ca\/fr\/wp-json\/wp\/v2\/product\/14220","targetHints":{"allow":["GET"]}}],"collection":[{"href":"https:\/\/sweetdeal.ca\/fr\/wp-json\/wp\/v2\/product"}],"about":[{"href":"https:\/\/sweetdeal.ca\/fr\/wp-json\/wp\/v2\/types\/product"}],"replies":[{"embeddable":true,"href":"https:\/\/sweetdeal.ca\/fr\/wp-json\/wp\/v2\/comments?post=14220"}],"wp:featuredmedia":[{"embeddable":true,"href":"https:\/\/sweetdeal.ca\/fr\/wp-json\/wp\/v2\/media\/13629"}],"wp:attachment":[{"href":"https:\/\/sweetdeal.ca\/fr\/wp-json\/wp\/v2\/media?parent=14220"}],"wp:term":[{"taxonomy":"product_brand","embeddable":true,"href":"https:\/\/sweetdeal.ca\/fr\/wp-json\/wp\/v2\/product_brand?post=14220"},{"taxonomy":"product_cat","embeddable":true,"href":"https:\/\/sweetdeal.ca\/fr\/wp-json\/wp\/v2\/product_cat?post=14220"},{"taxonomy":"product_tag","embeddable":true,"href":"https:\/\/sweetdeal.ca\/fr\/wp-json\/wp\/v2\/product_tag?post=14220"}],"curies":[{"name":"wp","href":"https:\/\/api.w.org\/{rel}","templated":true}]}}