{"id":14219,"date":"2020-05-25T02:25:58","date_gmt":"2020-05-25T07:25:58","guid":{"rendered":"https:\/\/sweetdeal.ca\/shop\/non class\u00e9\/safco-chariots-a-livres\/"},"modified":"2020-05-25T02:25:58","modified_gmt":"2020-05-25T07:25:58","slug":"safco-chariots-a-livres","status":"publish","type":"product","link":"https:\/\/sweetdeal.ca\/fr\/produit\/safco-chariots-a-livres\/","title":{"rendered":"Safco-Chariots a Livres"},"content":{"rendered":"<p><img data-recalc-dims=\"1\" loading=\"lazy\" decoding=\"async\" class=\"alignnone size-medium wp-image-11602\" src=\"https:\/\/i0.wp.com\/sweetdeal.ca\/wp-content\/uploads\/2020\/05\/28851_5358SA_Propped.jpg?resize=180%2C180&#038;ssl=1\" alt=\"\" width=\"180\" height=\"180\" srcset=\"https:\/\/i0.wp.com\/sweetdeal.ca\/wp-content\/uploads\/2020\/05\/28851_5358SA_Propped.jpg?resize=180%2C180&amp;ssl=1 180w, https:\/\/i0.wp.com\/sweetdeal.ca\/wp-content\/uploads\/2020\/05\/28851_5358SA_Propped.jpg?resize=100%2C100&amp;ssl=1 100w, https:\/\/i0.wp.com\/sweetdeal.ca\/wp-content\/uploads\/2020\/05\/28851_5358SA_Propped.jpg?w=500&amp;ssl=1 500w\" sizes=\"auto, (max-width: 180px) 100vw, 180px\" \/><\/p>\n","protected":false},"excerpt":{"rendered":"<p>4-Chariots \u00e0 livres simple face en acier &#8211; 3 tablettes<br \/>\nLe chariot \u00e0 livres simple face en acier est un chariot \u00e0 livres en acier beige,<br \/>\n100% soud\u00e9. Le chariot \u00e0 livres simple face \u00e0 trois \u00e9tag\u00e8res est mobile sur quatre roulettes. Exp\u00e9di\u00e9 enti\u00e8rement assembl\u00e9.<br \/>\nChariot \u00e0 livres Tropic Sand<br \/>\nConception 100% acier<br \/>\nEnti\u00e8rement soud\u00e9<br \/>\nMod\u00e8le simple face \u00e0 trois \u00e9tag\u00e8res<br \/>\nMobile sur roulettes<br \/>\nNavires enti\u00e8rement assembl\u00e9s<\/p>\n","protected":false},"featured_media":13632,"comment_status":"open","ping_status":"closed","template":"","meta":{"_acf_changed":false},"product_brand":[],"product_cat":[171],"product_tag":[],"class_list":{"0":"post-14219","1":"product","2":"type-product","3":"status-publish","4":"has-post-thumbnail","6":"product_cat-chariots-a-livres","8":"first","9":"instock","10":"taxable","11":"shipping-taxable","12":"purchasable","13":"product-type-simple"},"acf":[],"jetpack-related-posts":[],"jetpack_sharing_enabled":true,"_links":{"self":[{"href":"https:\/\/sweetdeal.ca\/fr\/wp-json\/wp\/v2\/product\/14219","targetHints":{"allow":["GET"]}}],"collection":[{"href":"https:\/\/sweetdeal.ca\/fr\/wp-json\/wp\/v2\/product"}],"about":[{"href":"https:\/\/sweetdeal.ca\/fr\/wp-json\/wp\/v2\/types\/product"}],"replies":[{"embeddable":true,"href":"https:\/\/sweetdeal.ca\/fr\/wp-json\/wp\/v2\/comments?post=14219"}],"wp:featuredmedia":[{"embeddable":true,"href":"https:\/\/sweetdeal.ca\/fr\/wp-json\/wp\/v2\/media\/13632"}],"wp:attachment":[{"href":"https:\/\/sweetdeal.ca\/fr\/wp-json\/wp\/v2\/media?parent=14219"}],"wp:term":[{"taxonomy":"product_brand","embeddable":true,"href":"https:\/\/sweetdeal.ca\/fr\/wp-json\/wp\/v2\/product_brand?post=14219"},{"taxonomy":"product_cat","embeddable":true,"href":"https:\/\/sweetdeal.ca\/fr\/wp-json\/wp\/v2\/product_cat?post=14219"},{"taxonomy":"product_tag","embeddable":true,"href":"https:\/\/sweetdeal.ca\/fr\/wp-json\/wp\/v2\/product_tag?post=14219"}],"curies":[{"name":"wp","href":"https:\/\/api.w.org\/{rel}","templated":true}]}}