{"id":14213,"date":"2020-07-12T02:28:29","date_gmt":"2020-07-12T07:28:29","guid":{"rendered":"https:\/\/sweetdeal.ca\/shop\/non class\u00e9\/safco-chariot-pkg-of-8-ensembles-de-8\/"},"modified":"2020-07-12T02:28:29","modified_gmt":"2020-07-12T07:28:29","slug":"safco-chariot-pkg-of-8-ensembles-de-8","status":"publish","type":"product","link":"https:\/\/sweetdeal.ca\/fr\/produit\/safco-chariot-pkg-of-8-ensembles-de-8\/","title":{"rendered":"Safco-Chariot PKG of 8- Ensembles de 8"},"content":{"rendered":"<p><img data-recalc-dims=\"1\" loading=\"lazy\" decoding=\"async\" class=\"alignnone size-medium wp-image-11658\" src=\"https:\/\/i0.wp.com\/sweetdeal.ca\/wp-content\/uploads\/2020\/07\/5338BL_2.jpg?resize=159%2C180&#038;ssl=1\" alt=\"\" width=\"159\" height=\"180\" srcset=\"https:\/\/i0.wp.com\/sweetdeal.ca\/wp-content\/uploads\/2020\/07\/5338BL_2.jpg?resize=159%2C180&amp;ssl=1 159w, https:\/\/i0.wp.com\/sweetdeal.ca\/wp-content\/uploads\/2020\/07\/5338BL_2.jpg?w=274&amp;ssl=1 274w\" sizes=\"auto, (max-width: 159px) 100vw, 159px\" \/><\/p>\n","protected":false},"excerpt":{"rendered":"<p><strong>Model 5338BL-Ensemble de 8 Unit\u00e9es<\/strong><br \/>\nLe chariot utilitaire de Safco est un chariot de bureau mobile avec trois \u00e9tag\u00e8res r\u00e9glables par incr\u00e9ments de 1 &#8220;.<br \/>\nChaque chariot comprend une doublure d&#8217;\u00e9tag\u00e8re en plastique noir.<br \/>\nLe chariot utilitaire est \u00e9valu\u00e9 jusqu&#8217;\u00e0 600 lb (200 lb par \u00e9tag\u00e8re).<br \/>\nLe chariot mobile repose sur quatre roues en nylon de 3 &#8220;.<br \/>\nChariot mobile<br \/>\nLes tablettes s&#8217;ajustent par incr\u00e9ments de 1 &#8221;<br \/>\nDoublure d&#8217;\u00e9tag\u00e8re en plastique noir incluse pour chaque \u00e9tag\u00e8re<br \/>\nChariot mobile sur quatre roues pivotantes en nylon de 3 &#8220;<\/p>\n","protected":false},"featured_media":13665,"comment_status":"open","ping_status":"closed","template":"","meta":{"_acf_changed":false},"product_brand":[],"product_cat":[170,171],"product_tag":[],"class_list":{"0":"post-14213","1":"product","2":"type-product","3":"status-publish","4":"has-post-thumbnail","6":"product_cat-meubles","7":"product_cat-chariots-a-livres","9":"first","10":"instock","11":"sale","12":"taxable","13":"shipping-taxable","14":"purchasable","15":"product-type-simple"},"acf":[],"jetpack-related-posts":[],"jetpack_sharing_enabled":true,"_links":{"self":[{"href":"https:\/\/sweetdeal.ca\/fr\/wp-json\/wp\/v2\/product\/14213","targetHints":{"allow":["GET"]}}],"collection":[{"href":"https:\/\/sweetdeal.ca\/fr\/wp-json\/wp\/v2\/product"}],"about":[{"href":"https:\/\/sweetdeal.ca\/fr\/wp-json\/wp\/v2\/types\/product"}],"replies":[{"embeddable":true,"href":"https:\/\/sweetdeal.ca\/fr\/wp-json\/wp\/v2\/comments?post=14213"}],"wp:featuredmedia":[{"embeddable":true,"href":"https:\/\/sweetdeal.ca\/fr\/wp-json\/wp\/v2\/media\/13665"}],"wp:attachment":[{"href":"https:\/\/sweetdeal.ca\/fr\/wp-json\/wp\/v2\/media?parent=14213"}],"wp:term":[{"taxonomy":"product_brand","embeddable":true,"href":"https:\/\/sweetdeal.ca\/fr\/wp-json\/wp\/v2\/product_brand?post=14213"},{"taxonomy":"product_cat","embeddable":true,"href":"https:\/\/sweetdeal.ca\/fr\/wp-json\/wp\/v2\/product_cat?post=14213"},{"taxonomy":"product_tag","embeddable":true,"href":"https:\/\/sweetdeal.ca\/fr\/wp-json\/wp\/v2\/product_tag?post=14213"}],"curies":[{"name":"wp","href":"https:\/\/api.w.org\/{rel}","templated":true}]}}