{"id":14189,"date":"2020-10-26T02:09:29","date_gmt":"2020-10-26T07:09:29","guid":{"rendered":"https:\/\/sweetdeal.ca\/shop\/non%20class\u00e9\/pantum-imprimante-laser-m6550nw-tout-en-un\/"},"modified":"2021-04-19T23:23:14","modified_gmt":"2021-04-20T04:23:14","slug":"pantum-imprimante-laser-m6550nw-tout-en-un","status":"publish","type":"product","link":"https:\/\/sweetdeal.ca\/fr\/produit\/pantum-imprimante-laser-m6550nw-tout-en-un\/","title":{"rendered":"PANTUM-mprimante laser M6550NW tout en un"},"content":{"rendered":"<p><img data-recalc-dims=\"1\" loading=\"lazy\" decoding=\"async\" class=\"alignnone size-medium wp-image-11962\" src=\"https:\/\/i0.wp.com\/sweetdeal.ca\/wp-content\/uploads\/2020\/10\/Pantum-6550NW_0.jpg?resize=180%2C161&#038;ssl=1\" alt=\"\" width=\"180\" height=\"161\" srcset=\"https:\/\/i0.wp.com\/sweetdeal.ca\/wp-content\/uploads\/2020\/10\/Pantum-6550NW_0.jpg?resize=180%2C161&amp;ssl=1 180w, https:\/\/i0.wp.com\/sweetdeal.ca\/wp-content\/uploads\/2020\/10\/Pantum-6550NW_0.jpg?w=490&amp;ssl=1 490w\" sizes=\"auto, (max-width: 180px) 100vw, 180px\" \/><\/p>\n","protected":false},"excerpt":{"rendered":"<p><strong><a>Imprimante + 1*Toner de version \u00e9conomique<\/a><br \/>\nFIABLE<\/strong><br \/>\n-20 000 pages Plus grand max. volume mensuel dans la cat\u00e9gorie<br \/>\n-Cadre en m\u00e9tal robuste Solide et stable<br \/>\n-600MHZ, processeur plus rapide de 128 Mo et m\u00e9moire plus grande dans la cat\u00e9gorie<br \/>\n<strong>PRATIQUE<br \/>\n<\/strong>-23PPM \/ CPM \/ SPM Vitesse d&#8217;impression, de copie et de num\u00e9risation sup\u00e9rieure dans la cat\u00e9gorie<br \/>\n-Moins de 7,8 s FPOT dans la cat\u00e9gorie<br \/>\n-Fonction de bureau complet<br \/>\nImprimez, copiez, num\u00e9risez et tout dans une seule machine<br \/>\n-Copie et num\u00e9risation faciles et rapides<br \/>\n-Installation en une \u00e9tape<br \/>\n<strong>RESPECTUEUX DE LA NATURE<br \/>\n<\/strong>-Mode veille \u00e9conome en \u00e9nergie \u00c9conomisez de l&#8217;\u00e9nergie, cr\u00e9ez moins de bruit<br \/>\n-Toutes les pi\u00e8ces sont fabriqu\u00e9es \u00e0 partir de mat\u00e9riaux 100% recyclables<br \/>\n-Certifi\u00e9 Energy Star 2.0<br \/>\n-Faible \u00e9mission d&#8217;ozone, faible gaspillage de toner<br \/>\n<strong>\u00c9CONOMIQUE<\/strong><br \/>\nCartouche standard de -1,600p rendement<br \/>\n-Longue dur\u00e9e de vie du moteur, faibles co\u00fbts de fonctionnement<br \/>\n-Taille compacte adapt\u00e9e \u00e0 diff\u00e9rents sc\u00e9narios<\/p>\n","protected":false},"featured_media":13882,"comment_status":"open","ping_status":"closed","template":"","meta":{"_acf_changed":false},"product_brand":[],"product_cat":[226],"product_tag":[],"class_list":{"0":"post-14189","1":"product","2":"type-product","3":"status-publish","4":"has-post-thumbnail","6":"product_cat-imprimantes-monochromes","7":"product_shipping_class-prix-fixe-fr","9":"first","10":"instock","11":"taxable","12":"shipping-taxable","13":"purchasable","14":"product-type-simple"},"acf":[],"jetpack-related-posts":[],"jetpack_sharing_enabled":true,"_links":{"self":[{"href":"https:\/\/sweetdeal.ca\/fr\/wp-json\/wp\/v2\/product\/14189","targetHints":{"allow":["GET"]}}],"collection":[{"href":"https:\/\/sweetdeal.ca\/fr\/wp-json\/wp\/v2\/product"}],"about":[{"href":"https:\/\/sweetdeal.ca\/fr\/wp-json\/wp\/v2\/types\/product"}],"replies":[{"embeddable":true,"href":"https:\/\/sweetdeal.ca\/fr\/wp-json\/wp\/v2\/comments?post=14189"}],"wp:featuredmedia":[{"embeddable":true,"href":"https:\/\/sweetdeal.ca\/fr\/wp-json\/wp\/v2\/media\/13882"}],"wp:attachment":[{"href":"https:\/\/sweetdeal.ca\/fr\/wp-json\/wp\/v2\/media?parent=14189"}],"wp:term":[{"taxonomy":"product_brand","embeddable":true,"href":"https:\/\/sweetdeal.ca\/fr\/wp-json\/wp\/v2\/product_brand?post=14189"},{"taxonomy":"product_cat","embeddable":true,"href":"https:\/\/sweetdeal.ca\/fr\/wp-json\/wp\/v2\/product_cat?post=14189"},{"taxonomy":"product_tag","embeddable":true,"href":"https:\/\/sweetdeal.ca\/fr\/wp-json\/wp\/v2\/product_tag?post=14189"}],"curies":[{"name":"wp","href":"https:\/\/api.w.org\/{rel}","templated":true}]}}