{"id":14176,"date":"2020-05-29T03:42:16","date_gmt":"2020-05-29T08:42:16","guid":{"rendered":"https:\/\/sweetdeal.ca\/shop\/non%20class\u00e9\/fauteuil-med\/"},"modified":"2021-03-27T20:27:05","modified_gmt":"2021-03-28T01:27:05","slug":"pro-line-ii-fauteuil-medium","status":"publish","type":"product","link":"https:\/\/sweetdeal.ca\/fr\/produit\/pro-line-ii-fauteuil-medium\/","title":{"rendered":"Pro-Line II\u00ae ProGrid\u00ae Fauteuil Medium"},"content":{"rendered":"<p><img data-recalc-dims=\"1\" loading=\"lazy\" decoding=\"async\" data-attachment-id=\"13635\" data-permalink=\"https:\/\/sweetdeal.ca\/fr\/?attachment_id=13635\" data-orig-file=\"https:\/\/i0.wp.com\/sweetdeal.ca\/wp-content\/uploads\/2020\/05\/92343-30.jpg?fit=1000%2C1000&amp;ssl=1\" data-orig-size=\"1000,1000\" data-comments-opened=\"1\" data-image-meta=\"{&quot;aperture&quot;:&quot;0&quot;,&quot;credit&quot;:&quot;&quot;,&quot;camera&quot;:&quot;&quot;,&quot;caption&quot;:&quot;&quot;,&quot;created_timestamp&quot;:&quot;0&quot;,&quot;copyright&quot;:&quot;&quot;,&quot;focal_length&quot;:&quot;0&quot;,&quot;iso&quot;:&quot;0&quot;,&quot;shutter_speed&quot;:&quot;0&quot;,&quot;title&quot;:&quot;&quot;,&quot;orientation&quot;:&quot;0&quot;}\" data-image-title=\"92343-30\" data-image-description=\"\" data-image-caption=\"\" data-large-file=\"https:\/\/i0.wp.com\/sweetdeal.ca\/wp-content\/uploads\/2020\/05\/92343-30.jpg?fit=1000%2C1000&amp;ssl=1\" class=\"alignnone size-medium wp-image-13635\" src=\"https:\/\/i0.wp.com\/sweetdeal.ca\/wp-content\/uploads\/2020\/05\/92343-30.jpg?resize=180%2C180&#038;ssl=1\" alt=\"\" width=\"180\" height=\"180\" srcset=\"https:\/\/i0.wp.com\/sweetdeal.ca\/wp-content\/uploads\/2020\/05\/92343-30.jpg?resize=180%2C180&amp;ssl=1 180w, https:\/\/i0.wp.com\/sweetdeal.ca\/wp-content\/uploads\/2020\/05\/92343-30.jpg?resize=100%2C100&amp;ssl=1 100w, https:\/\/i0.wp.com\/sweetdeal.ca\/wp-content\/uploads\/2020\/05\/92343-30.jpg?resize=768%2C768&amp;ssl=1 768w, https:\/\/i0.wp.com\/sweetdeal.ca\/wp-content\/uploads\/2020\/05\/92343-30.jpg?resize=600%2C600&amp;ssl=1 600w, https:\/\/i0.wp.com\/sweetdeal.ca\/wp-content\/uploads\/2020\/05\/92343-30.jpg?w=1000&amp;ssl=1 1000w\" sizes=\"auto, (max-width: 180px) 100vw, 180px\" \/><\/p>\n","protected":false},"excerpt":{"rendered":"<p>Dossier moyen en mailles. Basculements multiples. Angles du si\u00e8ge et du dos avec r\u00e9glage continu. R\u00e9glage pneumatique de la hauteur. Recouvert de tissu. Noir.<\/p>\n","protected":false},"featured_media":13635,"comment_status":"open","ping_status":"closed","template":"","meta":{"_acf_changed":false},"product_brand":[],"product_cat":[233],"product_tag":[],"class_list":{"0":"post-14176","1":"product","2":"type-product","3":"status-publish","4":"has-post-thumbnail","6":"product_cat-fauteuils","7":"product_shipping_class-livraison-gratuites","9":"first","10":"instock","11":"taxable","12":"shipping-taxable","13":"purchasable","14":"product-type-simple"},"acf":[],"jetpack-related-posts":[],"jetpack_sharing_enabled":true,"_links":{"self":[{"href":"https:\/\/sweetdeal.ca\/fr\/wp-json\/wp\/v2\/product\/14176","targetHints":{"allow":["GET"]}}],"collection":[{"href":"https:\/\/sweetdeal.ca\/fr\/wp-json\/wp\/v2\/product"}],"about":[{"href":"https:\/\/sweetdeal.ca\/fr\/wp-json\/wp\/v2\/types\/product"}],"replies":[{"embeddable":true,"href":"https:\/\/sweetdeal.ca\/fr\/wp-json\/wp\/v2\/comments?post=14176"}],"wp:featuredmedia":[{"embeddable":true,"href":"https:\/\/sweetdeal.ca\/fr\/wp-json\/wp\/v2\/media\/13635"}],"wp:attachment":[{"href":"https:\/\/sweetdeal.ca\/fr\/wp-json\/wp\/v2\/media?parent=14176"}],"wp:term":[{"taxonomy":"product_brand","embeddable":true,"href":"https:\/\/sweetdeal.ca\/fr\/wp-json\/wp\/v2\/product_brand?post=14176"},{"taxonomy":"product_cat","embeddable":true,"href":"https:\/\/sweetdeal.ca\/fr\/wp-json\/wp\/v2\/product_cat?post=14176"},{"taxonomy":"product_tag","embeddable":true,"href":"https:\/\/sweetdeal.ca\/fr\/wp-json\/wp\/v2\/product_tag?post=14176"}],"curies":[{"name":"wp","href":"https:\/\/api.w.org\/{rel}","templated":true}]}}