{"id":14130,"date":"2021-03-05T18:34:52","date_gmt":"2021-03-05T23:34:52","guid":{"rendered":"https:\/\/sweetdeal.ca\/shop\/non%20class\u00e9\/classeurs-lateraux-offices-to-go-mvl1900-series\/"},"modified":"2021-04-19T20:59:07","modified_gmt":"2021-04-20T01:59:07","slug":"classeurs-lateraux-offices-to-go-mvl1900-series","status":"publish","type":"product","link":"https:\/\/sweetdeal.ca\/fr\/produit\/classeurs-lateraux-offices-to-go-mvl1900-series\/","title":{"rendered":"Classeurs lat\u00e9raux Offices to Go\u2122 MVL1900 Series"},"content":{"rendered":"<p><img data-recalc-dims=\"1\" loading=\"lazy\" decoding=\"async\" class=\"alignnone size-medium wp-image-14128\" src=\"https:\/\/i0.wp.com\/sweetdeal.ca\/wp-content\/uploads\/2021\/03\/315655-472-MVL1936P4B.jpg?resize=136%2C180&#038;ssl=1\" alt=\"\" width=\"136\" height=\"180\" srcset=\"https:\/\/i0.wp.com\/sweetdeal.ca\/wp-content\/uploads\/2021\/03\/315655-472-MVL1936P4B.jpg?resize=136%2C180&amp;ssl=1 136w, https:\/\/i0.wp.com\/sweetdeal.ca\/wp-content\/uploads\/2021\/03\/315655-472-MVL1936P4B.jpg?w=390&amp;ssl=1 390w\" sizes=\"auto, (max-width: 136px) 100vw, 136px\" \/><\/p>\n","protected":false},"excerpt":{"rendered":"<p>Caract\u00e9ristiques de conception dignes de syst\u00e8mes de classement de qualit\u00e9 sup\u00e9rieure \u00e0 prix abordable. Poign\u00e9es pleine largeur pour ouvrir facilement. Garantie \u00e0 vie limit\u00e9e.<\/p>\n","protected":false},"featured_media":14129,"comment_status":"open","ping_status":"closed","template":"","meta":{"_acf_changed":false},"product_brand":[],"product_cat":[253],"product_tag":[],"class_list":{"0":"post-14130","1":"product","2":"type-product","3":"status-publish","4":"has-post-thumbnail","6":"product_cat-classeurs-lateraux","8":"first","9":"instock","10":"sale","11":"taxable","12":"shipping-taxable","13":"purchasable","14":"product-type-simple"},"acf":[],"jetpack-related-posts":[],"jetpack_sharing_enabled":true,"_links":{"self":[{"href":"https:\/\/sweetdeal.ca\/fr\/wp-json\/wp\/v2\/product\/14130","targetHints":{"allow":["GET"]}}],"collection":[{"href":"https:\/\/sweetdeal.ca\/fr\/wp-json\/wp\/v2\/product"}],"about":[{"href":"https:\/\/sweetdeal.ca\/fr\/wp-json\/wp\/v2\/types\/product"}],"replies":[{"embeddable":true,"href":"https:\/\/sweetdeal.ca\/fr\/wp-json\/wp\/v2\/comments?post=14130"}],"wp:featuredmedia":[{"embeddable":true,"href":"https:\/\/sweetdeal.ca\/fr\/wp-json\/wp\/v2\/media\/14129"}],"wp:attachment":[{"href":"https:\/\/sweetdeal.ca\/fr\/wp-json\/wp\/v2\/media?parent=14130"}],"wp:term":[{"taxonomy":"product_brand","embeddable":true,"href":"https:\/\/sweetdeal.ca\/fr\/wp-json\/wp\/v2\/product_brand?post=14130"},{"taxonomy":"product_cat","embeddable":true,"href":"https:\/\/sweetdeal.ca\/fr\/wp-json\/wp\/v2\/product_cat?post=14130"},{"taxonomy":"product_tag","embeddable":true,"href":"https:\/\/sweetdeal.ca\/fr\/wp-json\/wp\/v2\/product_tag?post=14130"}],"curies":[{"name":"wp","href":"https:\/\/api.w.org\/{rel}","templated":true}]}}