{"id":13976,"date":"2021-02-03T16:46:00","date_gmt":"2021-02-03T21:46:00","guid":{"rendered":"https:\/\/sweetdeal.ca\/a-propos\/"},"modified":"2024-05-02T20:56:56","modified_gmt":"2024-05-03T01:56:56","slug":"a-propos","status":"publish","type":"page","link":"https:\/\/sweetdeal.ca\/fr\/a-propos\/","title":{"rendered":"\u00c0 propos"},"content":{"rendered":"<p>[vc_row][vc_column width=&#8221;1\/6&#8243;][\/vc_column][vc_column width=&#8221;2\/3&#8243;][ultimate_heading main_heading=&#8221;Sweetdeal &#8230; tout a commenc\u00e9 en 2005.&#8221; margin_design_tab_text=&#8221;&#8221;][\/ultimate_heading][vc_column_text]<br \/>\nLe personnel de la nouvelle entreprise cherchait un moyen facile de d\u00e9velopper une activit\u00e9 en ligne sans causer de gros probl\u00e8mes aux consommateurs. Les ventes sur Internet augmentaient rapidement et les dot-coms allaient et venaient.\u00a0Les achats en ligne, la s\u00e9curit\u00e9 devenait un facteur important. La seule chose que l&#8217;on observait, c&#8217;\u00e9tait que le service et l&#8217;assistance \u00e0 la client\u00e8le disparaissaient \u00e9galement . Il devenait de plus en plus difficile de parler \u00e0 quelqu&#8217;un au t\u00e9l\u00e9phone, et le contact humain disparaissait ! \u00a0Personne ne se pr\u00e9occupait des clients existants, mais se concentrait uniquement sur l&#8217;afflux continu de nouveaux clients. Les acheteurs \u00e9taient laiss\u00e9s dans le froid avec des probl\u00e8mes et aucune solution ou assistance. La voix humaine et l&#8217;empathie \u00e9taient perdues.<\/p>\n<p>Tomber dans ce pi\u00e8ge n&#8217;\u00e9tait pas une option pour <strong>Sweetdeal<\/strong> !<br \/>\nChaque client \u00e9tait important. &#8220;Se concentrer sur les solutions&#8221; pour nos clients \u00e9tait une priorit\u00e9.<\/p>\n<p><strong>Sweetdeal<\/strong> a jet\u00e9 un regard neuf sur l&#8217;\u00e9volution du secteur en r\u00e9alisant que la fid\u00e9lisation des clients \u00e9tait \u00e9galement un facteur tr\u00e8s important pour le succ\u00e8s d&#8217;un site web, au m\u00eame titre que les nouveaux consommateurs. Les clients qui avaient un int\u00e9r\u00eat dans notre site web sont rest\u00e9s fid\u00e8les et ont continu\u00e9 \u00e0 adopter et \u00e0 r\u00e9p\u00e9ter leurs habitudes d&#8217;achat de fa\u00e7on r\u00e9guli\u00e8re. Comprenant cela, Sweetdeal a d\u00fb s&#8217;\u00e9tendre \u00e0 un inventaire plus diversifi\u00e9 pour ses clients r\u00e9currents. C&#8217;est l\u00e0 qu&#8217;est apparu notre slogan &#8220;Quelque chose pour tout le monde&#8221;.<\/p>\n<p>Gr\u00e2ce \u00e0 <strong>Sweetdeal<\/strong>, les consommateurs soucieux de la marque et de la valeur ajout\u00e9e peuvent facilement trouver des produits de grande valeur qu&#8217;ils aiment. Chaque jour, nous proposons des produits de qualit\u00e9 sup\u00e9rieure et des marques de premier plan.<br \/>\n<strong>Sweetdeal<\/strong> apporte \u00e0 ses clients le meilleur des produits informatiques professionnels, des solutions de transport, de l&#8217;\u00e9lectronique, des loisirs, des articles remis \u00e0 neuf certifi\u00e9s et bien plus encore. Nous garantissons la qualit\u00e9, l&#8217;authenticit\u00e9 et la valeur de tous nos produits.<br \/>\n<strong>Sweetdeal<\/strong> s&#8217;engage \u00e0 offrir la meilleure exp\u00e9rience d&#8217;achat possible en ligne. Notre engagement envers l&#8217;exp\u00e9rience du client commence avec le site web et se poursuit avec un service client\u00e8le tr\u00e8s r\u00e9actif.<\/p>\n<p>Les clients attribuent continuellement \u00e0 <strong>Sweetdeal<\/strong> des notes \u00e9lev\u00e9es en mati\u00e8re de satisfaction et de service \u00e0 la client\u00e8le.<br \/>\nL&#8217;\u00e9quipe de direction de <strong>Sweetdeal<\/strong> poss\u00e8de une grande expertise dans le domaine du marchandisage, de la vente au d\u00e9tail, du marketing direct et de la technologie. Dirig\u00e9e par des acheteurs exp\u00e9riment\u00e9s, associ\u00e9e \u00e0 des relations solides avec les fournisseurs et \u00e0 une discipline d&#8217;achat stricte, Sweetdeal ach\u00e8te des produits de haute qualit\u00e9 \u00e0 des prix exceptionnels.<\/p>\n<p>16 ans plus tard, nous sommes fiers d&#8217;affirmer que nous continuons \u00e0 aider et \u00e0 soutenir les acheteurs en ligne r\u00e9guliers depuis 2005.<br \/>\nC&#8217;est pourquoi, en 2017, nous rafra\u00eechissons notre site web et mettons en place un inventaire plus diversifi\u00e9 que celui qui \u00e9tait disponible auparavant.<br \/>\nN&#8217;oubliez pas de surveiller nos nouvelles cat\u00e9gories de produits et la grande vari\u00e9t\u00e9 d&#8217;articles sp\u00e9cialis\u00e9s dans les mois \u00e0 venir.<\/p>\n<p>Merci de votre visite,<br \/>\nLa direction.<\/p>\n<p>info@sweetdeal.ca<br \/>\n7543 d&#8217;Iberville<br \/>\nMontreal, H2E 2Z1<br \/>\nQuebec, Canada<br \/>\n514.233.4384<\/p>\n","protected":false},"excerpt":{"rendered":"<p>[vc_row][vc_column width=&#8221;1\/6&#8243;][\/vc_column][vc_column width=&#8221;2\/3&#8243;][ultimate_heading main_heading=&#8221;Sweetdeal &#8230; tout a commenc\u00e9 en 2005.&#8221; margin_design_tab_text=&#8221;&#8221;][\/ultimate_heading][vc_column_text] Le personnel de la nouvelle entreprise cherchait un moyen facile de d\u00e9velopper une activit\u00e9 en ligne sans causer de<\/p>\n","protected":false},"author":1,"featured_media":0,"parent":0,"menu_order":0,"comment_status":"closed","ping_status":"closed","template":"","meta":{"_acf_changed":false,"footnotes":""},"class_list":["post-13976","page","type-page","status-publish","hentry"],"acf":[],"jetpack-related-posts":[],"jetpack_sharing_enabled":true,"_links":{"self":[{"href":"https:\/\/sweetdeal.ca\/fr\/wp-json\/wp\/v2\/pages\/13976","targetHints":{"allow":["GET"]}}],"collection":[{"href":"https:\/\/sweetdeal.ca\/fr\/wp-json\/wp\/v2\/pages"}],"about":[{"href":"https:\/\/sweetdeal.ca\/fr\/wp-json\/wp\/v2\/types\/page"}],"author":[{"embeddable":true,"href":"https:\/\/sweetdeal.ca\/fr\/wp-json\/wp\/v2\/users\/1"}],"replies":[{"embeddable":true,"href":"https:\/\/sweetdeal.ca\/fr\/wp-json\/wp\/v2\/comments?post=13976"}],"version-history":[{"count":0,"href":"https:\/\/sweetdeal.ca\/fr\/wp-json\/wp\/v2\/pages\/13976\/revisions"}],"wp:attachment":[{"href":"https:\/\/sweetdeal.ca\/fr\/wp-json\/wp\/v2\/media?parent=13976"}],"curies":[{"name":"wp","href":"https:\/\/api.w.org\/{rel}","templated":true}]}}